{"id":1154,"date":"2023-08-18T12:01:36","date_gmt":"2023-08-18T10:01:36","guid":{"rendered":"https:\/\/server3.masterhomepage.ch\/~zstaxch\/ueber-uns-copy\/"},"modified":"2026-03-12T16:01:02","modified_gmt":"2026-03-12T15:01:02","slug":"rechtsanwaelte","status":"publish","type":"page","link":"https:\/\/zstax.ch\/de\/rechtsanwaelte\/","title":{"rendered":"Rechtsanw\u00e4lte"},"content":{"rendered":"\t\t<div data-elementor-type=\"wp-post\" data-elementor-id=\"1154\" class=\"elementor elementor-1154\" data-elementor-post-type=\"page\">\n\t\t\t\t\t\t<section class=\"elementor-section elementor-top-section elementor-element elementor-element-40312b6 elementor-section-content-middle elementor-reverse-mobile elementor-section-height-min-height elementor-section-boxed elementor-section-height-default elementor-section-items-middle\" data-id=\"40312b6\" data-element_type=\"section\" data-settings=\"{&quot;background_background&quot;:&quot;classic&quot;}\">\n\t\t\t\t\t\t<div class=\"elementor-container elementor-column-gap-no\">\n\t\t\t\t\t<div class=\"elementor-column elementor-col-100 elementor-top-column elementor-element elementor-element-b731468\" data-id=\"b731468\" data-element_type=\"column\">\n\t\t\t<div class=\"elementor-widget-wrap\">\n\t\t\t\t\t\t\t<\/div>\n\t\t<\/div>\n\t\t\t\t\t<\/div>\n\t\t<\/section>\n\t\t\t\t<section class=\"elementor-section elementor-top-section elementor-element elementor-element-a71eb9a elementor-section-boxed elementor-section-height-default elementor-section-height-default\" data-id=\"a71eb9a\" data-element_type=\"section\">\n\t\t\t\t\t\t<div class=\"elementor-container elementor-column-gap-default\">\n\t\t\t\t\t<div class=\"elementor-column elementor-col-100 elementor-top-column elementor-element elementor-element-48bbdd8\" data-id=\"48bbdd8\" data-element_type=\"column\">\n\t\t\t<div class=\"elementor-widget-wrap elementor-element-populated\">\n\t\t\t\t\t\t<div class=\"elementor-element elementor-element-d700896 elementor-widget elementor-widget-text-editor\" data-id=\"d700896\" data-element_type=\"widget\" data-widget_type=\"text-editor.default\">\n\t\t\t\t<div class=\"elementor-widget-container\">\n\t\t\t\t\t\t\t\t\t<h3>Rechtsanw\u00e4lte<\/h3>\t\t\t\t\t\t\t\t<\/div>\n\t\t\t\t<\/div>\n\t\t\t\t<section class=\"elementor-section elementor-inner-section elementor-element elementor-element-182f684 c-team__listing-wr elementor-section-boxed elementor-section-height-default elementor-section-height-default\" data-id=\"182f684\" data-element_type=\"section\">\n\t\t\t\t\t\t<div class=\"elementor-container elementor-column-gap-default\">\n\t\t\t\t\t<div class=\"elementor-column elementor-col-33 elementor-inner-column elementor-element elementor-element-337ac21 c-team__item-wr\" data-id=\"337ac21\" data-element_type=\"column\">\n\t\t\t<div class=\"elementor-widget-wrap elementor-element-populated\">\n\t\t\t\t\t\t<div class=\"elementor-element elementor-element-af8f23c elementor-widget elementor-widget-image\" data-id=\"af8f23c\" data-element_type=\"widget\" data-widget_type=\"image.default\">\n\t\t\t\t<div class=\"elementor-widget-container\">\n\t\t\t\t\t\t\t\t\t\t\t\t\t\t\t<img fetchpriority=\"high\" decoding=\"async\" width=\"225\" height=\"300\" src=\"https:\/\/zstax.ch\/wp-content\/uploads\/2023\/08\/Zanetti-225x300.jpg\" class=\"attachment-medium size-medium wp-image-1167\" alt=\"\" srcset=\"https:\/\/zstax.ch\/wp-content\/uploads\/2023\/08\/Zanetti-225x300.jpg 225w, https:\/\/zstax.ch\/wp-content\/uploads\/2023\/08\/Zanetti.jpg 437w\" sizes=\"(max-width: 225px) 100vw, 225px\" \/>\t\t\t\t\t\t\t\t\t\t\t\t\t\t\t<\/div>\n\t\t\t\t<\/div>\n\t\t\t\t<div class=\"elementor-element elementor-element-5cdabe3 elementor-widget__width-inherit elementor-widget elementor-widget-text-editor\" data-id=\"5cdabe3\" data-element_type=\"widget\" data-widget_type=\"text-editor.default\">\n\t\t\t\t<div class=\"elementor-widget-container\">\n\t\t\t\t\t\t\t\t\t<h4>Lic. iur. Livio D. Zanetti<\/h4><p>Livio D. Zanetti ist in allen Bereichen des Steuerrechts, insbesondere im Unternehmenssteuerrecht, im Grundst\u00fcckgewinnsteuerrecht, im Erbschafts- und im Schenkungssteuerrecht sowie im Erbrecht t\u00e4tig. Livio D. Zanetti ist Mitglied des Schweizerischen und des Z\u00fcrcher Anwaltverbands. Er spricht fliessend Deutsch und Italienisch.<\/p><p>Livio D. Zanetti schloss sein Rechtsstudium 1985 an der Universit\u00e4t Z\u00fcrich ab und ist seit 1988 in der Schweiz als Rechtsanwalt zugelassen. Von 1989 bis 1995 arbeitete er beim kantonalen Steueramt Z\u00fcrich als Steuerkommiss\u00e4r und von 1996 bis 2023 war er Partner einer auf Steuerrecht spezialisierten Anwaltskanzlei in Z\u00fcrich.<\/p>\t\t\t\t\t\t\t\t<\/div>\n\t\t\t\t<\/div>\n\t\t\t\t\t<\/div>\n\t\t<\/div>\n\t\t\t\t<div class=\"elementor-column elementor-col-33 elementor-inner-column elementor-element elementor-element-6c20887 c-team__item-wr\" data-id=\"6c20887\" data-element_type=\"column\">\n\t\t\t<div class=\"elementor-widget-wrap elementor-element-populated\">\n\t\t\t\t\t\t<div class=\"elementor-element elementor-element-87242d1 elementor-widget elementor-widget-image\" data-id=\"87242d1\" data-element_type=\"widget\" data-widget_type=\"image.default\">\n\t\t\t\t<div class=\"elementor-widget-container\">\n\t\t\t\t\t\t\t\t\t\t\t\t\t\t\t<img decoding=\"async\" width=\"225\" height=\"300\" src=\"https:\/\/zstax.ch\/wp-content\/uploads\/2023\/08\/schmidhauser-225x300.jpg\" class=\"attachment-medium size-medium wp-image-1168\" alt=\"\" srcset=\"https:\/\/zstax.ch\/wp-content\/uploads\/2023\/08\/schmidhauser-225x300.jpg 225w, https:\/\/zstax.ch\/wp-content\/uploads\/2023\/08\/schmidhauser.jpg 437w\" sizes=\"(max-width: 225px) 100vw, 225px\" \/>\t\t\t\t\t\t\t\t\t\t\t\t\t\t\t<\/div>\n\t\t\t\t<\/div>\n\t\t\t\t<div class=\"elementor-element elementor-element-24993c0 elementor-widget__width-inherit elementor-widget elementor-widget-text-editor\" data-id=\"24993c0\" data-element_type=\"widget\" data-widget_type=\"text-editor.default\">\n\t\t\t\t<div class=\"elementor-widget-container\">\n\t\t\t\t\t\t\t\t\t<h4>Lic. iur. Remo Schmidhauser, LL.M., LL.M. Taxation<\/h4>\n<p>Remo Schmidhauser ist in s\u00e4mtlichen Bereichen des nationalen und internationalen Steuerrechts t\u00e4tig. Insbesondere ber\u00e4t er bei Umstrukturierungen und im Grundst\u00fcckgewinnsteuerrecht, im Steuerstrafrecht sowie bei der internationalen Amts- und Rechtshilfe. Zudem unterst\u00fctzt er Privatpersonen und Unternehmen in Bezug auf ihre Pflichten unter FATCA (Foreign Account Tax Compliance Act) und dem automatischen Informationsaustausch. Er ist Mitglied des Schweizerischen und des Z\u00fcrcher Anwaltsverbands und spricht fliessend Deutsch und Englisch.<\/p>\n<p>Remo Schmidhauser studierte an der Universit\u00e4t St. Gallen (lic. iur. HSG 2000) und wurde im Jahr 2002 als Rechtsanwalt zugelassen. An der Universit\u00e4t Z\u00fcrich studierte er internationales Wirtschaftsrecht (LL.M. 2006) und am Schweizerischen Institut f\u00fcr Steuerrecht absolvierte er das Masterstudium im Steuerrecht (MAS FH in Taxation\/LL.M. Taxation 2012). Vor seiner T\u00e4tigkeit bei Zanetti &amp; Schmidhauser Rechtsanw\u00e4lte war er zun\u00e4chst Mitarbeiter (2018-2021) und danach Partner (2022-2023) einer auf Steuerrecht spezialisierten Anwaltskanzlei in Z\u00fcrich, Manager in einer BigFour (2014-2017), Steuerrechtskonsulent bei einer Universalbank (2009-2014), Rechtskonsulent bei einer Treuhandgesellschaft (2008-2009), Staatsanwalt bei der Staatsanwaltschaft des Kantons St. Gallen (2003-2008) sowie Auditor und ausserordentlicher Gerichtsschreiber beim Bezirksgericht Sargans (2000-2002).<\/p>\t\t\t\t\t\t\t\t<\/div>\n\t\t\t\t<\/div>\n\t\t\t\t\t<\/div>\n\t\t<\/div>\n\t\t\t\t<div class=\"elementor-column elementor-col-33 elementor-inner-column elementor-element elementor-element-ba67373 c-team__item-wr\" data-id=\"ba67373\" data-element_type=\"column\">\n\t\t\t<div class=\"elementor-widget-wrap elementor-element-populated\">\n\t\t\t\t\t\t<div class=\"elementor-element elementor-element-395f28c elementor-widget elementor-widget-image\" data-id=\"395f28c\" data-element_type=\"widget\" data-widget_type=\"image.default\">\n\t\t\t\t<div class=\"elementor-widget-container\">\n\t\t\t\t\t\t\t\t\t\t\t\t\t\t\t<img decoding=\"async\" width=\"225\" height=\"300\" src=\"https:\/\/zstax.ch\/wp-content\/uploads\/2026\/03\/gambaro-225x300.jpg\" class=\"attachment-medium size-medium wp-image-1812\" alt=\"\" srcset=\"https:\/\/zstax.ch\/wp-content\/uploads\/2026\/03\/gambaro-225x300.jpg 225w, https:\/\/zstax.ch\/wp-content\/uploads\/2026\/03\/gambaro-9x12.jpg 9w, https:\/\/zstax.ch\/wp-content\/uploads\/2026\/03\/gambaro.jpg 437w\" sizes=\"(max-width: 225px) 100vw, 225px\" \/>\t\t\t\t\t\t\t\t\t\t\t\t\t\t\t<\/div>\n\t\t\t\t<\/div>\n\t\t\t\t<div class=\"elementor-element elementor-element-3522a17 elementor-widget__width-inherit elementor-widget elementor-widget-text-editor\" data-id=\"3522a17\" data-element_type=\"widget\" data-widget_type=\"text-editor.default\">\n\t\t\t\t<div class=\"elementor-widget-container\">\n\t\t\t\t\t\t\t\t\t<h4>MLaw Gianfranco Gambaro<\/h4><p>Gianfranco Gambaro ist in allen Bereichen des Steuerrechts, insbesondere im Grundst\u00fcckgewinnsteuerrecht, im Unternehmenssteuerrecht sowie der Besteuerung von Privatpersonen, t\u00e4tig. Gianfranco Gambaro ist Mitglied des Schweizerischen und des Z\u00fcrcher Anwaltsverbandes. Er spricht fliessend Deutsch und Englisch.<\/p><p>Gianfranco Gambaro studierte an der Universit\u00e4t Z\u00fcrich (MLaw 2014) und wurde im Jahr 2019 als Rechtsanwalt zugelassen. Vor seiner T\u00e4tigkeit bei Zanetti &amp; Schmidhauser Rechtsanw\u00e4lte arbeitete er \u00fcber acht Jahre f\u00fcr das Steueramt der Stadt Z\u00fcrich im Bereich Grundsteuern und war dort schwergewichtig f\u00fcr Praxisfestlegungen sowie die Koordination mit anderen Steuer\u00e4mtern zust\u00e4ndig. Er ist Mitglied in der Redaktion der Z\u00fcrcher Steuerpraxis, h\u00e4lt regelm\u00e4ssig Referate zu aktuellen Steuerthemen und publiziert hier\u00fcber auch. Schliesslich ist Gianfranco Gambaro in seiner milit\u00e4rischen Funktion im Stab der Milit\u00e4rjustiz f\u00fcr die Aus- und Weiterbildung der Untersuchungsrichter zust\u00e4ndig.<\/p>\t\t\t\t\t\t\t\t<\/div>\n\t\t\t\t<\/div>\n\t\t\t\t\t<\/div>\n\t\t<\/div>\n\t\t\t\t\t<\/div>\n\t\t<\/section>\n\t\t\t\t\t<\/div>\n\t\t<\/div>\n\t\t\t\t\t<\/div>\n\t\t<\/section>\n\t\t\t\t<section class=\"elementor-section elementor-top-section elementor-element elementor-element-302f904 elementor-section-boxed elementor-section-height-default elementor-section-height-default\" data-id=\"302f904\" data-element_type=\"section\">\n\t\t\t\t\t\t<div class=\"elementor-container elementor-column-gap-default\">\n\t\t\t\t\t<div class=\"elementor-column elementor-col-100 elementor-top-column elementor-element elementor-element-5357c69\" data-id=\"5357c69\" data-element_type=\"column\">\n\t\t\t<div class=\"elementor-widget-wrap elementor-element-populated\">\n\t\t\t\t\t\t<div class=\"elementor-element elementor-element-0d5d607 elementor-widget elementor-widget-menu-anchor\" data-id=\"0d5d607\" data-element_type=\"widget\" data-widget_type=\"menu-anchor.default\">\n\t\t\t\t<div class=\"elementor-widget-container\">\n\t\t\t\t\t\t\t<div class=\"elementor-menu-anchor\" id=\"mitarbeitende\"><\/div>\n\t\t\t\t\t\t<\/div>\n\t\t\t\t<\/div>\n\t\t\t\t<div class=\"elementor-element elementor-element-de4f3d7 elementor-widget elementor-widget-menu-anchor\" data-id=\"de4f3d7\" data-element_type=\"widget\" data-widget_type=\"menu-anchor.default\">\n\t\t\t\t<div class=\"elementor-widget-container\">\n\t\t\t\t\t\t\t<div class=\"elementor-menu-anchor\" id=\"paralegal\"><\/div>\n\t\t\t\t\t\t<\/div>\n\t\t\t\t<\/div>\n\t\t\t\t<div class=\"elementor-element elementor-element-41a807f elementor-widget elementor-widget-text-editor\" data-id=\"41a807f\" data-element_type=\"widget\" data-widget_type=\"text-editor.default\">\n\t\t\t\t<div class=\"elementor-widget-container\">\n\t\t\t\t\t\t\t\t\t<h3>Mitarbeitende<\/h3>\t\t\t\t\t\t\t\t<\/div>\n\t\t\t\t<\/div>\n\t\t\t\t<section class=\"elementor-section elementor-inner-section elementor-element elementor-element-3dbe11e elementor-section-boxed elementor-section-height-default elementor-section-height-default\" data-id=\"3dbe11e\" data-element_type=\"section\">\n\t\t\t\t\t\t<div class=\"elementor-container elementor-column-gap-default\">\n\t\t\t\t\t<div class=\"elementor-column elementor-col-50 elementor-inner-column elementor-element elementor-element-fcf161a\" data-id=\"fcf161a\" data-element_type=\"column\">\n\t\t\t<div class=\"elementor-widget-wrap elementor-element-populated\">\n\t\t\t\t\t\t<div class=\"elementor-element elementor-element-a279d44 elementor-widget elementor-widget-text-editor\" data-id=\"a279d44\" data-element_type=\"widget\" data-widget_type=\"text-editor.default\">\n\t\t\t\t<div class=\"elementor-widget-container\">\n\t\t\t\t\t\t\t\t\t<h4>Caroline Polster<\/h4><h4>Cristina D&#8217;Acunto<\/h4><h4>Emanuele Grande<\/h4>\t\t\t\t\t\t\t\t<\/div>\n\t\t\t\t<\/div>\n\t\t\t\t\t<\/div>\n\t\t<\/div>\n\t\t\t\t<div class=\"elementor-column elementor-col-50 elementor-inner-column elementor-element elementor-element-52866e0\" data-id=\"52866e0\" data-element_type=\"column\">\n\t\t\t<div class=\"elementor-widget-wrap\">\n\t\t\t\t\t\t\t<\/div>\n\t\t<\/div>\n\t\t\t\t\t<\/div>\n\t\t<\/section>\n\t\t\t\t\t<\/div>\n\t\t<\/div>\n\t\t\t\t\t<\/div>\n\t\t<\/section>\n\t\t\t\t<\/div>\n\t\t","protected":false},"excerpt":{"rendered":"<p>Rechtsanw\u00e4lte Lic. iur. Livio D. Zanetti Livio D. Zanetti ist in allen Bereichen des Steuerrechts, insbesondere im Unternehmenssteuerrecht, im Grundst\u00fcckgewinnsteuerrecht, im Erbschafts- und im Schenkungssteuerrecht sowie im Erbrecht t\u00e4tig. Livio D. Zanetti ist Mitglied des Schweizerischen und des Z\u00fcrcher Anwaltverbands. Er spricht fliessend Deutsch und Italienisch. Livio D. Zanetti schloss sein Rechtsstudium 1985 an der [&hellip;]<\/p>\n","protected":false},"author":2,"featured_media":0,"parent":0,"menu_order":0,"comment_status":"closed","ping_status":"closed","template":"","meta":{"site-sidebar-layout":"no-sidebar","site-content-layout":"page-builder","ast-site-content-layout":"default","site-content-style":"default","site-sidebar-style":"default","ast-global-header-display":"","ast-banner-title-visibility":"","ast-main-header-display":"","ast-hfb-above-header-display":"","ast-hfb-below-header-display":"","ast-hfb-mobile-header-display":"","site-post-title":"disabled","ast-breadcrumbs-content":"","ast-featured-img":"disabled","footer-sml-layout":"","ast-disable-related-posts":"","theme-transparent-header-meta":"","adv-header-id-meta":"","stick-header-meta":"default","header-above-stick-meta":"","header-main-stick-meta":"","header-below-stick-meta":"","astra-migrate-meta-layouts":"default","ast-page-background-enabled":"default","ast-page-background-meta":{"desktop":{"background-color":"","background-image":"","background-repeat":"repeat","background-position":"center center","background-size":"auto","background-attachment":"scroll","background-type":"","background-media":"","overlay-type":"","overlay-color":"","overlay-opacity":"","overlay-gradient":""},"tablet":{"background-color":"","background-image":"","background-repeat":"repeat","background-position":"center center","background-size":"auto","background-attachment":"scroll","background-type":"","background-media":"","overlay-type":"","overlay-color":"","overlay-opacity":"","overlay-gradient":""},"mobile":{"background-color":"","background-image":"","background-repeat":"repeat","background-position":"center center","background-size":"auto","background-attachment":"scroll","background-type":"","background-media":"","overlay-type":"","overlay-color":"","overlay-opacity":"","overlay-gradient":""}},"ast-content-background-meta":{"desktop":{"background-color":"var(--ast-global-color-5)","background-image":"","background-repeat":"repeat","background-position":"center center","background-size":"auto","background-attachment":"scroll","background-type":"","background-media":"","overlay-type":"","overlay-color":"","overlay-opacity":"","overlay-gradient":""},"tablet":{"background-color":"var(--ast-global-color-5)","background-image":"","background-repeat":"repeat","background-position":"center center","background-size":"auto","background-attachment":"scroll","background-type":"","background-media":"","overlay-type":"","overlay-color":"","overlay-opacity":"","overlay-gradient":""},"mobile":{"background-color":"var(--ast-global-color-5)","background-image":"","background-repeat":"repeat","background-position":"center center","background-size":"auto","background-attachment":"scroll","background-type":"","background-media":"","overlay-type":"","overlay-color":"","overlay-opacity":"","overlay-gradient":""}},"footnotes":""},"class_list":["post-1154","page","type-page","status-publish","hentry"],"yoast_head":"<!-- This site is optimized with the Yoast SEO plugin v26.8 - https:\/\/yoast.com\/product\/yoast-seo-wordpress\/ -->\n<title>Rechtsanw\u00e4lte - Zanetti &amp; Schmidhauser Rechtsanw\u00e4lte<\/title>\n<meta name=\"robots\" content=\"index, follow, max-snippet:-1, max-image-preview:large, max-video-preview:-1\" \/>\n<link rel=\"canonical\" href=\"https:\/\/zstax.ch\/de\/rechtsanwaelte\/\" \/>\n<meta property=\"og:locale\" content=\"de_DE\" \/>\n<meta property=\"og:type\" content=\"article\" \/>\n<meta property=\"og:title\" content=\"Rechtsanw\u00e4lte - Zanetti &amp; Schmidhauser Rechtsanw\u00e4lte\" \/>\n<meta property=\"og:description\" content=\"Rechtsanw\u00e4lte Lic. iur. Livio D. Zanetti Livio D. Zanetti ist in allen Bereichen des Steuerrechts, insbesondere im Unternehmenssteuerrecht, im Grundst\u00fcckgewinnsteuerrecht, im Erbschafts- und im Schenkungssteuerrecht sowie im Erbrecht t\u00e4tig. Livio D. Zanetti ist Mitglied des Schweizerischen und des Z\u00fcrcher Anwaltverbands. Er spricht fliessend Deutsch und Italienisch. Livio D. Zanetti schloss sein Rechtsstudium 1985 an der [&hellip;]\" \/>\n<meta property=\"og:url\" content=\"https:\/\/zstax.ch\/de\/rechtsanwaelte\/\" \/>\n<meta property=\"og:site_name\" content=\"Zanetti &amp; Schmidhauser Rechtsanw\u00e4lte\" \/>\n<meta property=\"article:modified_time\" content=\"2026-03-12T15:01:02+00:00\" \/>\n<meta property=\"og:image\" content=\"https:\/\/zstax.ch\/wp-content\/uploads\/2023\/08\/Zanetti.jpg\" \/>\n\t<meta property=\"og:image:width\" content=\"437\" \/>\n\t<meta property=\"og:image:height\" content=\"583\" \/>\n\t<meta property=\"og:image:type\" content=\"image\/jpeg\" \/>\n<meta name=\"twitter:card\" content=\"summary_large_image\" \/>\n<meta name=\"twitter:label1\" content=\"Gesch\u00e4tzte Lesezeit\" \/>\n\t<meta name=\"twitter:data1\" content=\"2\u00a0Minuten\" \/>\n<script type=\"application\/ld+json\" class=\"yoast-schema-graph\">{\"@context\":\"https:\/\/schema.org\",\"@graph\":[{\"@type\":\"WebPage\",\"@id\":\"https:\/\/zstax.ch\/rechtsanwaelte\/\",\"url\":\"https:\/\/zstax.ch\/rechtsanwaelte\/\",\"name\":\"Rechtsanw\u00e4lte - Zanetti &amp; Schmidhauser Rechtsanw\u00e4lte\",\"isPartOf\":{\"@id\":\"https:\/\/zstax.ch\/de\/#website\"},\"primaryImageOfPage\":{\"@id\":\"https:\/\/zstax.ch\/rechtsanwaelte\/#primaryimage\"},\"image\":{\"@id\":\"https:\/\/zstax.ch\/rechtsanwaelte\/#primaryimage\"},\"thumbnailUrl\":\"https:\/\/zstax.ch\/wp-content\/uploads\/2023\/08\/Zanetti-225x300.jpg\",\"datePublished\":\"2023-08-18T10:01:36+00:00\",\"dateModified\":\"2026-03-12T15:01:02+00:00\",\"breadcrumb\":{\"@id\":\"https:\/\/zstax.ch\/rechtsanwaelte\/#breadcrumb\"},\"inLanguage\":\"de\",\"potentialAction\":[{\"@type\":\"ReadAction\",\"target\":[\"https:\/\/zstax.ch\/rechtsanwaelte\/\"]}]},{\"@type\":\"ImageObject\",\"inLanguage\":\"de\",\"@id\":\"https:\/\/zstax.ch\/rechtsanwaelte\/#primaryimage\",\"url\":\"https:\/\/zstax.ch\/wp-content\/uploads\/2023\/08\/Zanetti-225x300.jpg\",\"contentUrl\":\"https:\/\/zstax.ch\/wp-content\/uploads\/2023\/08\/Zanetti-225x300.jpg\"},{\"@type\":\"BreadcrumbList\",\"@id\":\"https:\/\/zstax.ch\/rechtsanwaelte\/#breadcrumb\",\"itemListElement\":[{\"@type\":\"ListItem\",\"position\":1,\"name\":\"Startseite\",\"item\":\"https:\/\/zstax.ch\/de\/\"},{\"@type\":\"ListItem\",\"position\":2,\"name\":\"Rechtsanw\u00e4lte\"}]},{\"@type\":\"WebSite\",\"@id\":\"https:\/\/zstax.ch\/de\/#website\",\"url\":\"https:\/\/zstax.ch\/de\/\",\"name\":\"Zanetti &amp; Schmidhauser Rechtsanw\u00e4lte\",\"description\":\"\",\"publisher\":{\"@id\":\"https:\/\/zstax.ch\/de\/#organization\"},\"potentialAction\":[{\"@type\":\"SearchAction\",\"target\":{\"@type\":\"EntryPoint\",\"urlTemplate\":\"https:\/\/zstax.ch\/de\/?s={search_term_string}\"},\"query-input\":{\"@type\":\"PropertyValueSpecification\",\"valueRequired\":true,\"valueName\":\"search_term_string\"}}],\"inLanguage\":\"de\"},{\"@type\":\"Organization\",\"@id\":\"https:\/\/zstax.ch\/de\/#organization\",\"name\":\"Zanetti &amp; Schmidhauser Rechtsanw\u00e4lte\",\"url\":\"https:\/\/zstax.ch\/de\/\",\"logo\":{\"@type\":\"ImageObject\",\"inLanguage\":\"de\",\"@id\":\"https:\/\/zstax.ch\/de\/#\/schema\/logo\/image\/\",\"url\":\"https:\/\/zstax.ch\/wp-content\/uploads\/2023\/08\/ZanettiSchmidhauser-Logo-1.svg\",\"contentUrl\":\"https:\/\/zstax.ch\/wp-content\/uploads\/2023\/08\/ZanettiSchmidhauser-Logo-1.svg\",\"width\":373,\"height\":241,\"caption\":\"Zanetti &amp; Schmidhauser Rechtsanw\u00e4lte\"},\"image\":{\"@id\":\"https:\/\/zstax.ch\/de\/#\/schema\/logo\/image\/\"}}]}<\/script>\n<!-- \/ Yoast SEO plugin. -->","yoast_head_json":{"title":"Rechtsanw\u00e4lte - Zanetti &amp; Schmidhauser Rechtsanw\u00e4lte","robots":{"index":"index","follow":"follow","max-snippet":"max-snippet:-1","max-image-preview":"max-image-preview:large","max-video-preview":"max-video-preview:-1"},"canonical":"https:\/\/zstax.ch\/de\/rechtsanwaelte\/","og_locale":"de_DE","og_type":"article","og_title":"Rechtsanw\u00e4lte - Zanetti &amp; Schmidhauser Rechtsanw\u00e4lte","og_description":"Rechtsanw\u00e4lte Lic. iur. Livio D. Zanetti Livio D. Zanetti ist in allen Bereichen des Steuerrechts, insbesondere im Unternehmenssteuerrecht, im Grundst\u00fcckgewinnsteuerrecht, im Erbschafts- und im Schenkungssteuerrecht sowie im Erbrecht t\u00e4tig. Livio D. Zanetti ist Mitglied des Schweizerischen und des Z\u00fcrcher Anwaltverbands. Er spricht fliessend Deutsch und Italienisch. Livio D. Zanetti schloss sein Rechtsstudium 1985 an der [&hellip;]","og_url":"https:\/\/zstax.ch\/de\/rechtsanwaelte\/","og_site_name":"Zanetti &amp; Schmidhauser Rechtsanw\u00e4lte","article_modified_time":"2026-03-12T15:01:02+00:00","og_image":[{"width":437,"height":583,"url":"https:\/\/zstax.ch\/wp-content\/uploads\/2023\/08\/Zanetti.jpg","type":"image\/jpeg"}],"twitter_card":"summary_large_image","twitter_misc":{"Gesch\u00e4tzte Lesezeit":"2\u00a0Minuten"},"schema":{"@context":"https:\/\/schema.org","@graph":[{"@type":"WebPage","@id":"https:\/\/zstax.ch\/rechtsanwaelte\/","url":"https:\/\/zstax.ch\/rechtsanwaelte\/","name":"Rechtsanw\u00e4lte - Zanetti &amp; Schmidhauser Rechtsanw\u00e4lte","isPartOf":{"@id":"https:\/\/zstax.ch\/de\/#website"},"primaryImageOfPage":{"@id":"https:\/\/zstax.ch\/rechtsanwaelte\/#primaryimage"},"image":{"@id":"https:\/\/zstax.ch\/rechtsanwaelte\/#primaryimage"},"thumbnailUrl":"https:\/\/zstax.ch\/wp-content\/uploads\/2023\/08\/Zanetti-225x300.jpg","datePublished":"2023-08-18T10:01:36+00:00","dateModified":"2026-03-12T15:01:02+00:00","breadcrumb":{"@id":"https:\/\/zstax.ch\/rechtsanwaelte\/#breadcrumb"},"inLanguage":"de","potentialAction":[{"@type":"ReadAction","target":["https:\/\/zstax.ch\/rechtsanwaelte\/"]}]},{"@type":"ImageObject","inLanguage":"de","@id":"https:\/\/zstax.ch\/rechtsanwaelte\/#primaryimage","url":"https:\/\/zstax.ch\/wp-content\/uploads\/2023\/08\/Zanetti-225x300.jpg","contentUrl":"https:\/\/zstax.ch\/wp-content\/uploads\/2023\/08\/Zanetti-225x300.jpg"},{"@type":"BreadcrumbList","@id":"https:\/\/zstax.ch\/rechtsanwaelte\/#breadcrumb","itemListElement":[{"@type":"ListItem","position":1,"name":"Startseite","item":"https:\/\/zstax.ch\/de\/"},{"@type":"ListItem","position":2,"name":"Rechtsanw\u00e4lte"}]},{"@type":"WebSite","@id":"https:\/\/zstax.ch\/de\/#website","url":"https:\/\/zstax.ch\/de\/","name":"Zanetti &amp; Schmidhauser Rechtsanw\u00e4lte","description":"","publisher":{"@id":"https:\/\/zstax.ch\/de\/#organization"},"potentialAction":[{"@type":"SearchAction","target":{"@type":"EntryPoint","urlTemplate":"https:\/\/zstax.ch\/de\/?s={search_term_string}"},"query-input":{"@type":"PropertyValueSpecification","valueRequired":true,"valueName":"search_term_string"}}],"inLanguage":"de"},{"@type":"Organization","@id":"https:\/\/zstax.ch\/de\/#organization","name":"Zanetti &amp; Schmidhauser Rechtsanw\u00e4lte","url":"https:\/\/zstax.ch\/de\/","logo":{"@type":"ImageObject","inLanguage":"de","@id":"https:\/\/zstax.ch\/de\/#\/schema\/logo\/image\/","url":"https:\/\/zstax.ch\/wp-content\/uploads\/2023\/08\/ZanettiSchmidhauser-Logo-1.svg","contentUrl":"https:\/\/zstax.ch\/wp-content\/uploads\/2023\/08\/ZanettiSchmidhauser-Logo-1.svg","width":373,"height":241,"caption":"Zanetti &amp; Schmidhauser Rechtsanw\u00e4lte"},"image":{"@id":"https:\/\/zstax.ch\/de\/#\/schema\/logo\/image\/"}}]}},"_links":{"self":[{"href":"https:\/\/zstax.ch\/de\/wp-json\/wp\/v2\/pages\/1154","targetHints":{"allow":["GET"]}}],"collection":[{"href":"https:\/\/zstax.ch\/de\/wp-json\/wp\/v2\/pages"}],"about":[{"href":"https:\/\/zstax.ch\/de\/wp-json\/wp\/v2\/types\/page"}],"author":[{"embeddable":true,"href":"https:\/\/zstax.ch\/de\/wp-json\/wp\/v2\/users\/2"}],"replies":[{"embeddable":true,"href":"https:\/\/zstax.ch\/de\/wp-json\/wp\/v2\/comments?post=1154"}],"version-history":[{"count":10,"href":"https:\/\/zstax.ch\/de\/wp-json\/wp\/v2\/pages\/1154\/revisions"}],"predecessor-version":[{"id":1891,"href":"https:\/\/zstax.ch\/de\/wp-json\/wp\/v2\/pages\/1154\/revisions\/1891"}],"wp:attachment":[{"href":"https:\/\/zstax.ch\/de\/wp-json\/wp\/v2\/media?parent=1154"}],"curies":[{"name":"wp","href":"https:\/\/api.w.org\/{rel}","templated":true}]}}