{"id":1372,"date":"2023-08-25T08:23:29","date_gmt":"2023-08-25T06:23:29","guid":{"rendered":"https:\/\/server3.masterhomepage.ch\/~zstaxch\/ueber-uns-copy\/"},"modified":"2023-09-26T18:04:35","modified_gmt":"2023-09-26T16:04:35","slug":"impressum","status":"publish","type":"page","link":"https:\/\/zstax.ch\/de\/impressum\/","title":{"rendered":"Impressum"},"content":{"rendered":"\t\t<div data-elementor-type=\"wp-post\" data-elementor-id=\"1372\" class=\"elementor elementor-1372\" data-elementor-post-type=\"page\">\n\t\t\t\t\t\t<section class=\"elementor-section elementor-top-section elementor-element elementor-element-ebd96d3 elementor-section-boxed elementor-section-height-default elementor-section-height-default\" data-id=\"ebd96d3\" data-element_type=\"section\" data-e-type=\"section\">\n\t\t\t\t\t\t<div class=\"elementor-container elementor-column-gap-default\">\n\t\t\t\t\t<div class=\"elementor-column elementor-col-100 elementor-top-column elementor-element elementor-element-15b85da\" data-id=\"15b85da\" data-element_type=\"column\" data-e-type=\"column\">\n\t\t\t<div class=\"elementor-widget-wrap elementor-element-populated\">\n\t\t\t\t\t\t<div class=\"elementor-element elementor-element-9e09fb0 elementor-widget elementor-widget-text-editor\" data-id=\"9e09fb0\" data-element_type=\"widget\" data-e-type=\"widget\" data-widget_type=\"text-editor.default\">\n\t\t\t\t<div class=\"elementor-widget-container\">\n\t\t\t\t\t\t\t\t\t<h3>Impressum<\/h3>\t\t\t\t\t\t\t\t<\/div>\n\t\t\t\t<\/div>\n\t\t\t\t\t<\/div>\n\t\t<\/div>\n\t\t\t\t\t<\/div>\n\t\t<\/section>\n\t\t\t\t<section class=\"elementor-section elementor-top-section elementor-element elementor-element-098f4cd elementor-section-boxed elementor-section-height-default elementor-section-height-default\" data-id=\"098f4cd\" data-element_type=\"section\" data-e-type=\"section\">\n\t\t\t\t\t\t<div class=\"elementor-container elementor-column-gap-default\">\n\t\t\t\t\t<div class=\"elementor-column elementor-col-100 elementor-top-column elementor-element elementor-element-f3ff07b\" data-id=\"f3ff07b\" data-element_type=\"column\" data-e-type=\"column\">\n\t\t\t<div class=\"elementor-widget-wrap elementor-element-populated\">\n\t\t\t\t\t\t<div class=\"elementor-element elementor-element-a4c86df elementor-widget elementor-widget-text-editor\" data-id=\"a4c86df\" data-element_type=\"widget\" data-e-type=\"widget\" data-widget_type=\"text-editor.default\">\n\t\t\t\t<div class=\"elementor-widget-container\">\n\t\t\t\t\t\t\t\t\t<p><strong>Kontaktadresse<\/strong><\/p><p>Bergstrasse 114<br \/>8032 Z\u00fcrich<\/p><p>+41 (0)44 442 15 15<br \/>in&#102;&#111;&#64;&#x7a;&#x73;&#x74;&#x61;&#x78;&#46;c&#104;<\/p><p>UID CHE-<\/p><p><strong>Konzept &amp; Design<br \/><\/strong>Das Konzept und Design wurde durch Masterhomepage GmbH realisiert.<\/p><p><strong>Copyright<\/strong><br \/>Das Copyright des Konzepts, der Bilder\/Fotos und der textlichen Inhalte liegen bei Zanetti &amp; Schmidhauser Rechtsanw\u00e4lte<strong>.<\/strong><\/p><p><strong>Haftungsbeschr\u00e4nkung<br \/><\/strong>Mit der Nutzung dieser Website akzeptieren Sie die nachfolgenden Bedingungen.<br \/>Wir haben diese Website mit gr\u00f6sstm\u00f6glicher Sorgfalt erstellt. Wir \u00fcbernehmen jedoch keine Gew\u00e4hr f\u00fcr der Richtigkeit, Vollst\u00e4ndigkeit, Exaktheit und Aktualit\u00e4t der auf dieser Webseite bereitgestellten Inhalte. Wir \u00fcbernehmen auch keine Gew\u00e4hrleistung hinsichtlich der Qualit\u00e4t der Inhalte, die \u00fcber diese Webseite weitergegeben oder heruntergeladen werden. Wir behalten uns vor, Teile der Website oder das gesamte Angebot ohne spezielle Ank\u00fcndigung zu ver\u00e4ndern, erg\u00e4nzen oder l\u00f6schen.<\/p><p><strong>Urheber- und Leistungsschutzrechte<br \/><\/strong>Alle auf dieser Website ver\u00f6ffentlichten Inhalte unterliegen dem Urheber- und Leistungsschutzrecht. Inhalte dieser Website d\u00fcrfen nur mit vorg\u00e4ngiger, schriftlicher Zustimmung und unter Angabe des Copyrights verwendet werden. Dies gilt insbesondere f\u00fcr Vervielf\u00e4ltigung, Bearbeitung, \u00dcbersetzung, Einspeicherung, Verarbeitung bzw. Wiedergabe von Inhalten in Datenbanken oder anderen elektronischen Medien und Systemen. Inhalte und Rechte Dritter sind dabei als solche gekennzeichnet.<\/p><p><strong>Externe Links<br \/><\/strong>Diese Website enth\u00e4lt Verkn\u00fcpfungen zu \u201eexternen Links\u201c (Websites Dritter). Diese Websites unterliegen der Haftung der jeweiligen Betreiber. Wir haben keinen Einfluss auf die aktuelle und zuk\u00fcnftige Gestaltung und auf die Inhalte der verkn\u00fcpften Seiten.Bei Kenntnis von Rechtsverst\u00f6ssen werden die entsprechenden externen Links unverz\u00fcglich gel\u00f6scht.<br \/>Dem Benutzer von externen Links muss bewusst sein, dass die Betreiber von verlinkten Websites pers\u00f6nliche Daten erfassen und sammeln k\u00f6nnen (inklusive Informationen, die durch die Benutzung von Cookies generiert wurden), sobald deren Websites besucht werden.<br \/>Wir \u00fcbernehmen keine Verantwortung daf\u00fcr, wie derartige Betreiber pers\u00f6nlichen Daten sammeln, verwenden oder offenlegen.<\/p>\t\t\t\t\t\t\t\t<\/div>\n\t\t\t\t<\/div>\n\t\t\t\t\t<\/div>\n\t\t<\/div>\n\t\t\t\t\t<\/div>\n\t\t<\/section>\n\t\t\t\t<\/div>\n\t\t","protected":false},"excerpt":{"rendered":"<p>Impressum Kontaktadresse Bergstrasse 1148032 Z\u00fcrich +41 (0)44 442 15 15in&#102;&#111;&#64;&#x7a;&#x73;&#x74;&#x61;&#x78;&#46;c&#104; UID CHE- Konzept &amp; DesignDas Konzept und Design wurde durch Masterhomepage GmbH realisiert. CopyrightDas Copyright des Konzepts, der Bilder\/Fotos und der textlichen Inhalte liegen bei Zanetti &amp; Schmidhauser Rechtsanw\u00e4lte. Haftungsbeschr\u00e4nkungMit der Nutzung dieser Website akzeptieren Sie die nachfolgenden Bedingungen.Wir haben diese Website mit gr\u00f6sstm\u00f6glicher Sorgfalt [&hellip;]<\/p>\n","protected":false},"author":2,"featured_media":0,"parent":0,"menu_order":0,"comment_status":"closed","ping_status":"closed","template":"","meta":{"site-sidebar-layout":"no-sidebar","site-content-layout":"page-builder","ast-site-content-layout":"full-width-container","site-content-style":"unboxed","site-sidebar-style":"unboxed","ast-global-header-display":"","ast-banner-title-visibility":"","ast-main-header-display":"","ast-hfb-above-header-display":"","ast-hfb-below-header-display":"","ast-hfb-mobile-header-display":"","site-post-title":"disabled","ast-breadcrumbs-content":"","ast-featured-img":"disabled","footer-sml-layout":"","ast-disable-related-posts":"","theme-transparent-header-meta":"","adv-header-id-meta":"","stick-header-meta":"default","header-above-stick-meta":"","header-main-stick-meta":"","header-below-stick-meta":"","astra-migrate-meta-layouts":"set","ast-page-background-enabled":"default","ast-page-background-meta":{"desktop":{"background-color":"","background-image":"","background-repeat":"repeat","background-position":"center center","background-size":"auto","background-attachment":"scroll","background-type":"","background-media":"","overlay-type":"","overlay-color":"","overlay-opacity":"","overlay-gradient":""},"tablet":{"background-color":"","background-image":"","background-repeat":"repeat","background-position":"center center","background-size":"auto","background-attachment":"scroll","background-type":"","background-media":"","overlay-type":"","overlay-color":"","overlay-opacity":"","overlay-gradient":""},"mobile":{"background-color":"","background-image":"","background-repeat":"repeat","background-position":"center center","background-size":"auto","background-attachment":"scroll","background-type":"","background-media":"","overlay-type":"","overlay-color":"","overlay-opacity":"","overlay-gradient":""}},"ast-content-background-meta":{"desktop":{"background-color":"var(--ast-global-color-5)","background-image":"","background-repeat":"repeat","background-position":"center center","background-size":"auto","background-attachment":"scroll","background-type":"","background-media":"","overlay-type":"","overlay-color":"","overlay-opacity":"","overlay-gradient":""},"tablet":{"background-color":"var(--ast-global-color-5)","background-image":"","background-repeat":"repeat","background-position":"center center","background-size":"auto","background-attachment":"scroll","background-type":"","background-media":"","overlay-type":"","overlay-color":"","overlay-opacity":"","overlay-gradient":""},"mobile":{"background-color":"var(--ast-global-color-5)","background-image":"","background-repeat":"repeat","background-position":"center center","background-size":"auto","background-attachment":"scroll","background-type":"","background-media":"","overlay-type":"","overlay-color":"","overlay-opacity":"","overlay-gradient":""}},"footnotes":""},"class_list":["post-1372","page","type-page","status-publish","hentry"],"yoast_head":"<!-- This site is optimized with the Yoast SEO plugin v27.4 - https:\/\/yoast.com\/product\/yoast-seo-wordpress\/ -->\n<title>Impressum - Zanetti &amp; Schmidhauser Rechtsanw\u00e4lte<\/title>\n<meta name=\"robots\" content=\"index, follow, max-snippet:-1, max-image-preview:large, max-video-preview:-1\" \/>\n<link rel=\"canonical\" href=\"https:\/\/zstax.ch\/de\/impressum\/\" \/>\n<meta property=\"og:locale\" content=\"de_DE\" \/>\n<meta property=\"og:type\" content=\"article\" \/>\n<meta property=\"og:title\" content=\"Impressum - Zanetti &amp; Schmidhauser Rechtsanw\u00e4lte\" \/>\n<meta property=\"og:description\" content=\"Impressum Kontaktadresse Bergstrasse 1148032 Z\u00fcrich +41 (0)44 442 15 15info&#064;&#122;&#115;&#116;&#097;&#x78;&#x2e;&#x63;&#x68; UID CHE- Konzept &amp; DesignDas Konzept und Design wurde durch Masterhomepage GmbH realisiert. CopyrightDas Copyright des Konzepts, der Bilder\/Fotos und der textlichen Inhalte liegen bei Zanetti &amp; Schmidhauser Rechtsanw\u00e4lte. Haftungsbeschr\u00e4nkungMit der Nutzung dieser Website akzeptieren Sie die nachfolgenden Bedingungen.Wir haben diese Website mit gr\u00f6sstm\u00f6glicher Sorgfalt [&hellip;]\" \/>\n<meta property=\"og:url\" content=\"https:\/\/zstax.ch\/de\/impressum\/\" \/>\n<meta property=\"og:site_name\" content=\"Zanetti &amp; Schmidhauser Rechtsanw\u00e4lte\" \/>\n<meta property=\"article:modified_time\" content=\"2023-09-26T16:04:35+00:00\" \/>\n<meta name=\"twitter:card\" content=\"summary_large_image\" \/>\n<meta name=\"twitter:label1\" content=\"Gesch\u00e4tzte Lesezeit\" \/>\n\t<meta name=\"twitter:data1\" content=\"4\u00a0Minuten\" \/>\n<script type=\"application\/ld+json\" class=\"yoast-schema-graph\">{\"@context\":\"https:\\\/\\\/schema.org\",\"@graph\":[{\"@type\":\"WebPage\",\"@id\":\"https:\\\/\\\/zstax.ch\\\/en\\\/legal-notice\\\/\",\"url\":\"https:\\\/\\\/zstax.ch\\\/en\\\/legal-notice\\\/\",\"name\":\"Impressum - Zanetti &amp; Schmidhauser Rechtsanw\u00e4lte\",\"isPartOf\":{\"@id\":\"https:\\\/\\\/zstax.ch\\\/de\\\/#website\"},\"datePublished\":\"2023-08-25T06:23:29+00:00\",\"dateModified\":\"2023-09-26T16:04:35+00:00\",\"breadcrumb\":{\"@id\":\"https:\\\/\\\/zstax.ch\\\/en\\\/legal-notice\\\/#breadcrumb\"},\"inLanguage\":\"de\",\"potentialAction\":[{\"@type\":\"ReadAction\",\"target\":[\"https:\\\/\\\/zstax.ch\\\/en\\\/legal-notice\\\/\"]}]},{\"@type\":\"BreadcrumbList\",\"@id\":\"https:\\\/\\\/zstax.ch\\\/en\\\/legal-notice\\\/#breadcrumb\",\"itemListElement\":[{\"@type\":\"ListItem\",\"position\":1,\"name\":\"Startseite\",\"item\":\"https:\\\/\\\/zstax.ch\\\/de\\\/\"},{\"@type\":\"ListItem\",\"position\":2,\"name\":\"Impressum\"}]},{\"@type\":\"WebSite\",\"@id\":\"https:\\\/\\\/zstax.ch\\\/de\\\/#website\",\"url\":\"https:\\\/\\\/zstax.ch\\\/de\\\/\",\"name\":\"Zanetti &amp; Schmidhauser Rechtsanw\u00e4lte\",\"description\":\"\",\"publisher\":{\"@id\":\"https:\\\/\\\/zstax.ch\\\/de\\\/#organization\"},\"potentialAction\":[{\"@type\":\"SearchAction\",\"target\":{\"@type\":\"EntryPoint\",\"urlTemplate\":\"https:\\\/\\\/zstax.ch\\\/de\\\/?s={search_term_string}\"},\"query-input\":{\"@type\":\"PropertyValueSpecification\",\"valueRequired\":true,\"valueName\":\"search_term_string\"}}],\"inLanguage\":\"de\"},{\"@type\":\"Organization\",\"@id\":\"https:\\\/\\\/zstax.ch\\\/de\\\/#organization\",\"name\":\"Zanetti &amp; Schmidhauser Rechtsanw\u00e4lte\",\"url\":\"https:\\\/\\\/zstax.ch\\\/de\\\/\",\"logo\":{\"@type\":\"ImageObject\",\"inLanguage\":\"de\",\"@id\":\"https:\\\/\\\/zstax.ch\\\/de\\\/#\\\/schema\\\/logo\\\/image\\\/\",\"url\":\"https:\\\/\\\/zstax.ch\\\/wp-content\\\/uploads\\\/2023\\\/08\\\/ZanettiSchmidhauser-Logo-1.svg\",\"contentUrl\":\"https:\\\/\\\/zstax.ch\\\/wp-content\\\/uploads\\\/2023\\\/08\\\/ZanettiSchmidhauser-Logo-1.svg\",\"width\":373,\"height\":241,\"caption\":\"Zanetti &amp; Schmidhauser Rechtsanw\u00e4lte\"},\"image\":{\"@id\":\"https:\\\/\\\/zstax.ch\\\/de\\\/#\\\/schema\\\/logo\\\/image\\\/\"}}]}<\/script>\n<!-- \/ Yoast SEO plugin. -->","yoast_head_json":{"title":"Impressum - Zanetti &amp; Schmidhauser Rechtsanw\u00e4lte","robots":{"index":"index","follow":"follow","max-snippet":"max-snippet:-1","max-image-preview":"max-image-preview:large","max-video-preview":"max-video-preview:-1"},"canonical":"https:\/\/zstax.ch\/de\/impressum\/","og_locale":"de_DE","og_type":"article","og_title":"Impressum - Zanetti &amp; Schmidhauser Rechtsanw\u00e4lte","og_description":"Impressum Kontaktadresse Bergstrasse 1148032 Z\u00fcrich +41 (0)44 442 15 15info&#64;&#122;&#115;&#116;&#97;&#x78;&#x2e;&#x63;&#x68; UID CHE- Konzept &amp; DesignDas Konzept und Design wurde durch Masterhomepage GmbH realisiert. CopyrightDas Copyright des Konzepts, der Bilder\/Fotos und der textlichen Inhalte liegen bei Zanetti &amp; Schmidhauser Rechtsanw\u00e4lte. Haftungsbeschr\u00e4nkungMit der Nutzung dieser Website akzeptieren Sie die nachfolgenden Bedingungen.Wir haben diese Website mit gr\u00f6sstm\u00f6glicher Sorgfalt [&hellip;]","og_url":"https:\/\/zstax.ch\/de\/impressum\/","og_site_name":"Zanetti &amp; Schmidhauser Rechtsanw\u00e4lte","article_modified_time":"2023-09-26T16:04:35+00:00","twitter_card":"summary_large_image","twitter_misc":{"Gesch\u00e4tzte Lesezeit":"4\u00a0Minuten"},"schema":{"@context":"https:\/\/schema.org","@graph":[{"@type":"WebPage","@id":"https:\/\/zstax.ch\/en\/legal-notice\/","url":"https:\/\/zstax.ch\/en\/legal-notice\/","name":"Impressum - Zanetti &amp; Schmidhauser Rechtsanw\u00e4lte","isPartOf":{"@id":"https:\/\/zstax.ch\/de\/#website"},"datePublished":"2023-08-25T06:23:29+00:00","dateModified":"2023-09-26T16:04:35+00:00","breadcrumb":{"@id":"https:\/\/zstax.ch\/en\/legal-notice\/#breadcrumb"},"inLanguage":"de","potentialAction":[{"@type":"ReadAction","target":["https:\/\/zstax.ch\/en\/legal-notice\/"]}]},{"@type":"BreadcrumbList","@id":"https:\/\/zstax.ch\/en\/legal-notice\/#breadcrumb","itemListElement":[{"@type":"ListItem","position":1,"name":"Startseite","item":"https:\/\/zstax.ch\/de\/"},{"@type":"ListItem","position":2,"name":"Impressum"}]},{"@type":"WebSite","@id":"https:\/\/zstax.ch\/de\/#website","url":"https:\/\/zstax.ch\/de\/","name":"Zanetti &amp; Schmidhauser Rechtsanw\u00e4lte","description":"","publisher":{"@id":"https:\/\/zstax.ch\/de\/#organization"},"potentialAction":[{"@type":"SearchAction","target":{"@type":"EntryPoint","urlTemplate":"https:\/\/zstax.ch\/de\/?s={search_term_string}"},"query-input":{"@type":"PropertyValueSpecification","valueRequired":true,"valueName":"search_term_string"}}],"inLanguage":"de"},{"@type":"Organization","@id":"https:\/\/zstax.ch\/de\/#organization","name":"Zanetti &amp; Schmidhauser Rechtsanw\u00e4lte","url":"https:\/\/zstax.ch\/de\/","logo":{"@type":"ImageObject","inLanguage":"de","@id":"https:\/\/zstax.ch\/de\/#\/schema\/logo\/image\/","url":"https:\/\/zstax.ch\/wp-content\/uploads\/2023\/08\/ZanettiSchmidhauser-Logo-1.svg","contentUrl":"https:\/\/zstax.ch\/wp-content\/uploads\/2023\/08\/ZanettiSchmidhauser-Logo-1.svg","width":373,"height":241,"caption":"Zanetti &amp; Schmidhauser Rechtsanw\u00e4lte"},"image":{"@id":"https:\/\/zstax.ch\/de\/#\/schema\/logo\/image\/"}}]}},"_links":{"self":[{"href":"https:\/\/zstax.ch\/de\/wp-json\/wp\/v2\/pages\/1372","targetHints":{"allow":["GET"]}}],"collection":[{"href":"https:\/\/zstax.ch\/de\/wp-json\/wp\/v2\/pages"}],"about":[{"href":"https:\/\/zstax.ch\/de\/wp-json\/wp\/v2\/types\/page"}],"author":[{"embeddable":true,"href":"https:\/\/zstax.ch\/de\/wp-json\/wp\/v2\/users\/2"}],"replies":[{"embeddable":true,"href":"https:\/\/zstax.ch\/de\/wp-json\/wp\/v2\/comments?post=1372"}],"version-history":[{"count":1,"href":"https:\/\/zstax.ch\/de\/wp-json\/wp\/v2\/pages\/1372\/revisions"}],"predecessor-version":[{"id":1893,"href":"https:\/\/zstax.ch\/de\/wp-json\/wp\/v2\/pages\/1372\/revisions\/1893"}],"wp:attachment":[{"href":"https:\/\/zstax.ch\/de\/wp-json\/wp\/v2\/media?parent=1372"}],"curies":[{"name":"wp","href":"https:\/\/api.w.org\/{rel}","templated":true}]}}