{"id":1154,"date":"2023-08-18T12:01:36","date_gmt":"2023-08-18T10:01:36","guid":{"rendered":"https:\/\/server3.masterhomepage.ch\/~zstaxch\/ueber-uns-copy\/"},"modified":"2026-03-12T16:01:02","modified_gmt":"2026-03-12T15:01:02","slug":"lawyers","status":"publish","type":"page","link":"https:\/\/zstax.ch\/en\/rechtsanwaelte\/","title":{"rendered":"Lawyers"},"content":{"rendered":"<div data-elementor-type=\"wp-post\" data-elementor-id=\"1154\" class=\"elementor elementor-1154\" data-elementor-post-type=\"page\">\n\t\t\t\t\t\t<section class=\"elementor-section elementor-top-section elementor-element elementor-element-40312b6 elementor-section-content-middle elementor-reverse-mobile elementor-section-height-min-height elementor-section-boxed elementor-section-height-default elementor-section-items-middle\" data-id=\"40312b6\" data-element_type=\"section\" data-e-type=\"section\" data-settings=\"{&quot;background_background&quot;:&quot;classic&quot;}\">\n\t\t\t\t\t\t<div class=\"elementor-container elementor-column-gap-no\">\n\t\t\t\t\t<div class=\"elementor-column elementor-col-100 elementor-top-column elementor-element elementor-element-b731468\" data-id=\"b731468\" data-element_type=\"column\" data-e-type=\"column\">\n\t\t\t<div class=\"elementor-widget-wrap\">\n\t\t\t\t\t\t\t<\/div>\n\t\t<\/div>\n\t\t\t\t\t<\/div>\n\t\t<\/section>\n\t\t\t\t<section class=\"elementor-section elementor-top-section elementor-element elementor-element-a71eb9a elementor-section-boxed elementor-section-height-default elementor-section-height-default\" data-id=\"a71eb9a\" data-element_type=\"section\" data-e-type=\"section\">\n\t\t\t\t\t\t<div class=\"elementor-container elementor-column-gap-default\">\n\t\t\t\t\t<div class=\"elementor-column elementor-col-100 elementor-top-column elementor-element elementor-element-48bbdd8\" data-id=\"48bbdd8\" data-element_type=\"column\" data-e-type=\"column\">\n\t\t\t<div class=\"elementor-widget-wrap elementor-element-populated\">\n\t\t\t\t\t\t<div class=\"elementor-element elementor-element-d700896 elementor-widget elementor-widget-text-editor\" data-id=\"d700896\" data-element_type=\"widget\" data-e-type=\"widget\" data-widget_type=\"text-editor.default\">\n\t\t\t\t<div class=\"elementor-widget-container\">\n\t\t\t\t\t\t\t\t\t<h3>Lawyers<\/h3>\t\t\t\t\t\t\t\t<\/div>\n\t\t\t\t<\/div>\n\t\t\t\t<section class=\"elementor-section elementor-inner-section elementor-element elementor-element-182f684 c-team__listing-wr elementor-section-boxed elementor-section-height-default elementor-section-height-default\" data-id=\"182f684\" data-element_type=\"section\" data-e-type=\"section\">\n\t\t\t\t\t\t<div class=\"elementor-container elementor-column-gap-default\">\n\t\t\t\t\t<div class=\"elementor-column elementor-col-33 elementor-inner-column elementor-element elementor-element-337ac21 c-team__item-wr\" data-id=\"337ac21\" data-element_type=\"column\" data-e-type=\"column\">\n\t\t\t<div class=\"elementor-widget-wrap elementor-element-populated\">\n\t\t\t\t\t\t<div class=\"elementor-element elementor-element-af8f23c elementor-widget elementor-widget-image\" data-id=\"af8f23c\" data-element_type=\"widget\" data-e-type=\"widget\" data-widget_type=\"image.default\">\n\t\t\t\t<div class=\"elementor-widget-container\">\n\t\t\t\t\t\t\t\t\t\t\t\t\t\t\t<img fetchpriority=\"high\" decoding=\"async\" width=\"225\" height=\"300\" src=\"https:\/\/zstax.ch\/wp-content\/uploads\/2023\/08\/Zanetti-225x300.jpg\" class=\"attachment-medium size-medium wp-image-1167\" alt=\"\" srcset=\"https:\/\/zstax.ch\/wp-content\/uploads\/2023\/08\/Zanetti-225x300.jpg 225w, https:\/\/zstax.ch\/wp-content\/uploads\/2023\/08\/Zanetti.jpg 437w\" sizes=\"(max-width: 225px) 100vw, 225px\" \/>\t\t\t\t\t\t\t\t\t\t\t\t\t\t\t<\/div>\n\t\t\t\t<\/div>\n\t\t\t\t<div class=\"elementor-element elementor-element-5cdabe3 elementor-widget__width-inherit elementor-widget elementor-widget-text-editor\" data-id=\"5cdabe3\" data-element_type=\"widget\" data-e-type=\"widget\" data-widget_type=\"text-editor.default\">\n\t\t\t\t<div class=\"elementor-widget-container\">\n\t\t\t\t\t\t\t\t\t<h4>Lic. iur. Livio D. Zanetti<\/h4><p>Livio D. Zanetti practices in all areas of tax law, with special emphasis on corporate tax law, real estate gains tax as well as inheritance and gift tax law. Additionally, he advises on inheritance law. Livio D. Zanetti is a member of both the Swiss and the Zurich Bar Association and is fluent in German and Italian.<\/p><p>Livio D. Zanetti holds a law degree from the University of Zurich (1985) and practice law since 1988. Between 1989 and 1995, he worked at the Zurich Cantonal Tax Office as a tax commissioner and from 1996 to 2023 he was a partner in a law firm in Zurich specializing in tax law.<\/p>\t\t\t\t\t\t\t\t<\/div>\n\t\t\t\t<\/div>\n\t\t\t\t\t<\/div>\n\t\t<\/div>\n\t\t\t\t<div class=\"elementor-column elementor-col-33 elementor-inner-column elementor-element elementor-element-6c20887 c-team__item-wr\" data-id=\"6c20887\" data-element_type=\"column\" data-e-type=\"column\">\n\t\t\t<div class=\"elementor-widget-wrap elementor-element-populated\">\n\t\t\t\t\t\t<div class=\"elementor-element elementor-element-87242d1 elementor-widget elementor-widget-image\" data-id=\"87242d1\" data-element_type=\"widget\" data-e-type=\"widget\" data-widget_type=\"image.default\">\n\t\t\t\t<div class=\"elementor-widget-container\">\n\t\t\t\t\t\t\t\t\t\t\t\t\t\t\t<img decoding=\"async\" width=\"225\" height=\"300\" src=\"https:\/\/zstax.ch\/wp-content\/uploads\/2023\/08\/schmidhauser-225x300.jpg\" class=\"attachment-medium size-medium wp-image-1168\" alt=\"\" srcset=\"https:\/\/zstax.ch\/wp-content\/uploads\/2023\/08\/schmidhauser-225x300.jpg 225w, https:\/\/zstax.ch\/wp-content\/uploads\/2023\/08\/schmidhauser.jpg 437w\" sizes=\"(max-width: 225px) 100vw, 225px\" \/>\t\t\t\t\t\t\t\t\t\t\t\t\t\t\t<\/div>\n\t\t\t\t<\/div>\n\t\t\t\t<div class=\"elementor-element elementor-element-24993c0 elementor-widget__width-inherit elementor-widget elementor-widget-text-editor\" data-id=\"24993c0\" data-element_type=\"widget\" data-e-type=\"widget\" data-widget_type=\"text-editor.default\">\n\t\t\t\t<div class=\"elementor-widget-container\">\n\t\t\t\t\t\t\t\t\t<h4>Lic. iur. Remo Schmidhauser, LL.M., LL.M. Taxation<\/h4>\n<p>Remo Schmidhauser practices in all areas of national and international tax law, with special emphasis on restructurings and real estate gains tax, succession planning, tax criminal law as well as international administrative and legal assistance. He also advises individuals and entities in respect of their FATCA (Foreign Account Tax Compliance Act) and CRS (Common Reporting Standard) requirements. He is a member of both the Swiss and the Zurich Bar Association and is fluent in German and English.<\/p>\n<p>Remo Schmidhauser holds a law degree from the University  of St. Gallen (lic.iur. HSG 2000) and was admitted to the bar in 2002. He holds a degree in international business law from the University of Zurich (LL.M. 2006) and a degree in tax law from the Swiss Institute for Tax Law (MAS FH in Taxation\/LL.M. Taxation 2012). \nPrior to joining Zanetti &amp; Schmidhauser Attorneys at Law, he was an associate (2018-2021) and then a partner (2022-2023) of a law firm specialized in tax law in Zurich, a Manager in the tax department of a BigFour (2014-2017), tax counsel at a universal bank (2009-2014), legal counsel at a fiduciary company (2008-2009), prosecutor at the public prosecutor of the canton of St. Gallen (2003 \u2013 2008) as well as trainee and interim clerk at the district court of Sargans (2000-2002).<\/p>\t\t\t\t\t\t\t\t<\/div>\n\t\t\t\t<\/div>\n\t\t\t\t\t<\/div>\n\t\t<\/div>\n\t\t\t\t<div class=\"elementor-column elementor-col-33 elementor-inner-column elementor-element elementor-element-ba67373 c-team__item-wr\" data-id=\"ba67373\" data-element_type=\"column\" data-e-type=\"column\">\n\t\t\t<div class=\"elementor-widget-wrap elementor-element-populated\">\n\t\t\t\t\t\t<div class=\"elementor-element elementor-element-395f28c elementor-widget elementor-widget-image\" data-id=\"395f28c\" data-element_type=\"widget\" data-e-type=\"widget\" data-widget_type=\"image.default\">\n\t\t\t\t<div class=\"elementor-widget-container\">\n\t\t\t\t\t\t\t\t\t\t\t\t\t\t\t<img decoding=\"async\" width=\"225\" height=\"300\" src=\"https:\/\/zstax.ch\/wp-content\/uploads\/2026\/03\/gambaro-225x300.jpg\" class=\"attachment-medium size-medium wp-image-1812\" alt=\"\" srcset=\"https:\/\/zstax.ch\/wp-content\/uploads\/2026\/03\/gambaro-225x300.jpg 225w, https:\/\/zstax.ch\/wp-content\/uploads\/2026\/03\/gambaro-9x12.jpg 9w, https:\/\/zstax.ch\/wp-content\/uploads\/2026\/03\/gambaro.jpg 437w\" sizes=\"(max-width: 225px) 100vw, 225px\" \/>\t\t\t\t\t\t\t\t\t\t\t\t\t\t\t<\/div>\n\t\t\t\t<\/div>\n\t\t\t\t<div class=\"elementor-element elementor-element-3522a17 elementor-widget__width-inherit elementor-widget elementor-widget-text-editor\" data-id=\"3522a17\" data-element_type=\"widget\" data-e-type=\"widget\" data-widget_type=\"text-editor.default\">\n\t\t\t\t<div class=\"elementor-widget-container\">\n\t\t\t\t\t\t\t\t\t<h4>MLaw Gianfranco Gambaro<\/h4><p>Gianfranco Gambaro practises in all areas of tax law, particularly real estate gains tax law, corporate tax law and taxation of private individuals. Gianfranco Gambaro is a member of both the Swiss and Zurich Bar Association. He is fluent in German and English.<\/p><p>Gianfranco Gambaro studied at the University of Zurich (MLaw 2014) and was admitted to the bar in 2019. Before joining Zanetti &amp; Schmidhauser Attorneys-at-Law, he worked for over eight years for the Tax Office of the city of Zurich in the area of real estate gains tax, where he was primarily responsible for establishing practices and coordinating with other tax offices. He is a member of the editorial board of the Z\u00fcrcher Steuerpraxis, gives regulary lectures on current tax topics and also publishes on these subjects. Finally, in his military role on the military justice staff, Gianfranco Gambaro is responsible for the training and further education of investigating magistrates.<\/p>\t\t\t\t\t\t\t\t<\/div>\n\t\t\t\t<\/div>\n\t\t\t\t\t<\/div>\n\t\t<\/div>\n\t\t\t\t\t<\/div>\n\t\t<\/section>\n\t\t\t\t\t<\/div>\n\t\t<\/div>\n\t\t\t\t\t<\/div>\n\t\t<\/section>\n\t\t\t\t<section class=\"elementor-section elementor-top-section elementor-element elementor-element-302f904 elementor-section-boxed elementor-section-height-default elementor-section-height-default\" data-id=\"302f904\" data-element_type=\"section\" data-e-type=\"section\">\n\t\t\t\t\t\t<div class=\"elementor-container elementor-column-gap-default\">\n\t\t\t\t\t<div class=\"elementor-column elementor-col-100 elementor-top-column elementor-element elementor-element-5357c69\" data-id=\"5357c69\" data-element_type=\"column\" data-e-type=\"column\">\n\t\t\t<div class=\"elementor-widget-wrap elementor-element-populated\">\n\t\t\t\t\t\t<div class=\"elementor-element elementor-element-0d5d607 elementor-widget elementor-widget-menu-anchor\" data-id=\"0d5d607\" data-element_type=\"widget\" data-e-type=\"widget\" data-widget_type=\"menu-anchor.default\">\n\t\t\t\t<div class=\"elementor-widget-container\">\n\t\t\t\t\t\t\t<div class=\"elementor-menu-anchor\" id=\"mitarbeitende\"><\/div>\n\t\t\t\t\t\t<\/div>\n\t\t\t\t<\/div>\n\t\t\t\t<div class=\"elementor-element elementor-element-de4f3d7 elementor-widget elementor-widget-menu-anchor\" data-id=\"de4f3d7\" data-element_type=\"widget\" data-e-type=\"widget\" data-widget_type=\"menu-anchor.default\">\n\t\t\t\t<div class=\"elementor-widget-container\">\n\t\t\t\t\t\t\t<div class=\"elementor-menu-anchor\" id=\"paralegal\"><\/div>\n\t\t\t\t\t\t<\/div>\n\t\t\t\t<\/div>\n\t\t\t\t<div class=\"elementor-element elementor-element-41a807f elementor-widget elementor-widget-text-editor\" data-id=\"41a807f\" data-element_type=\"widget\" data-e-type=\"widget\" data-widget_type=\"text-editor.default\">\n\t\t\t\t<div class=\"elementor-widget-container\">\n\t\t\t\t\t\t\t\t\t<h3>Paralegal<\/h3>\t\t\t\t\t\t\t\t<\/div>\n\t\t\t\t<\/div>\n\t\t\t\t<section class=\"elementor-section elementor-inner-section elementor-element elementor-element-3dbe11e elementor-section-boxed elementor-section-height-default elementor-section-height-default\" data-id=\"3dbe11e\" data-element_type=\"section\" data-e-type=\"section\">\n\t\t\t\t\t\t<div class=\"elementor-container elementor-column-gap-default\">\n\t\t\t\t\t<div class=\"elementor-column elementor-col-50 elementor-inner-column elementor-element elementor-element-fcf161a\" data-id=\"fcf161a\" data-element_type=\"column\" data-e-type=\"column\">\n\t\t\t<div class=\"elementor-widget-wrap elementor-element-populated\">\n\t\t\t\t\t\t<div class=\"elementor-element elementor-element-a279d44 elementor-widget elementor-widget-text-editor\" data-id=\"a279d44\" data-element_type=\"widget\" data-e-type=\"widget\" data-widget_type=\"text-editor.default\">\n\t\t\t\t<div class=\"elementor-widget-container\">\n\t\t\t\t\t\t\t\t\t<h4>Caroline Polster<\/h4><h4>Cristina D&#8217;Acunto<\/h4><h4>Emanuele Grande<\/h4>\t\t\t\t\t\t\t\t<\/div>\n\t\t\t\t<\/div>\n\t\t\t\t\t<\/div>\n\t\t<\/div>\n\t\t\t\t<div class=\"elementor-column elementor-col-50 elementor-inner-column elementor-element elementor-element-52866e0\" data-id=\"52866e0\" data-element_type=\"column\" data-e-type=\"column\">\n\t\t\t<div class=\"elementor-widget-wrap\">\n\t\t\t\t\t\t\t<\/div>\n\t\t<\/div>\n\t\t\t\t\t<\/div>\n\t\t<\/section>\n\t\t\t\t\t<\/div>\n\t\t<\/div>\n\t\t\t\t\t<\/div>\n\t\t<\/section>\n\t\t\t\t<\/div>","protected":false},"excerpt":{"rendered":"<p>Rechtsanw\u00e4lte Lic. iur. Livio D. Zanetti Livio D. Zanetti ist in allen Bereichen des Steuerrechts, insbesondere im Unternehmenssteuerrecht, im Grundst\u00fcckgewinnsteuerrecht, im Erbschafts- und im Schenkungssteuerrecht sowie im Erbrecht t\u00e4tig. Livio D. Zanetti ist Mitglied des Schweizerischen und des Z\u00fcrcher Anwaltverbands. Er spricht fliessend Deutsch und Italienisch. Livio D. Zanetti schloss sein Rechtsstudium 1985 an der [&hellip;]<\/p>\n","protected":false},"author":2,"featured_media":0,"parent":0,"menu_order":0,"comment_status":"closed","ping_status":"closed","template":"","meta":{"site-sidebar-layout":"no-sidebar","site-content-layout":"page-builder","ast-site-content-layout":"default","site-content-style":"default","site-sidebar-style":"default","ast-global-header-display":"","ast-banner-title-visibility":"","ast-main-header-display":"","ast-hfb-above-header-display":"","ast-hfb-below-header-display":"","ast-hfb-mobile-header-display":"","site-post-title":"disabled","ast-breadcrumbs-content":"","ast-featured-img":"disabled","footer-sml-layout":"","ast-disable-related-posts":"","theme-transparent-header-meta":"","adv-header-id-meta":"","stick-header-meta":"default","header-above-stick-meta":"","header-main-stick-meta":"","header-below-stick-meta":"","astra-migrate-meta-layouts":"default","ast-page-background-enabled":"default","ast-page-background-meta":{"desktop":{"background-color":"","background-image":"","background-repeat":"repeat","background-position":"center center","background-size":"auto","background-attachment":"scroll","background-type":"","background-media":"","overlay-type":"","overlay-color":"","overlay-opacity":"","overlay-gradient":""},"tablet":{"background-color":"","background-image":"","background-repeat":"repeat","background-position":"center center","background-size":"auto","background-attachment":"scroll","background-type":"","background-media":"","overlay-type":"","overlay-color":"","overlay-opacity":"","overlay-gradient":""},"mobile":{"background-color":"","background-image":"","background-repeat":"repeat","background-position":"center center","background-size":"auto","background-attachment":"scroll","background-type":"","background-media":"","overlay-type":"","overlay-color":"","overlay-opacity":"","overlay-gradient":""}},"ast-content-background-meta":{"desktop":{"background-color":"var(--ast-global-color-5)","background-image":"","background-repeat":"repeat","background-position":"center center","background-size":"auto","background-attachment":"scroll","background-type":"","background-media":"","overlay-type":"","overlay-color":"","overlay-opacity":"","overlay-gradient":""},"tablet":{"background-color":"var(--ast-global-color-5)","background-image":"","background-repeat":"repeat","background-position":"center center","background-size":"auto","background-attachment":"scroll","background-type":"","background-media":"","overlay-type":"","overlay-color":"","overlay-opacity":"","overlay-gradient":""},"mobile":{"background-color":"var(--ast-global-color-5)","background-image":"","background-repeat":"repeat","background-position":"center center","background-size":"auto","background-attachment":"scroll","background-type":"","background-media":"","overlay-type":"","overlay-color":"","overlay-opacity":"","overlay-gradient":""}},"footnotes":""},"class_list":["post-1154","page","type-page","status-publish","hentry"],"yoast_head":"<!-- This site is optimized with the Yoast SEO plugin v27.4 - https:\/\/yoast.com\/product\/yoast-seo-wordpress\/ -->\n<title>Rechtsanw\u00e4lte - Zanetti &amp; Schmidhauser Rechtsanw\u00e4lte<\/title>\n<meta name=\"robots\" content=\"index, follow, max-snippet:-1, max-image-preview:large, max-video-preview:-1\" \/>\n<link rel=\"canonical\" href=\"https:\/\/zstax.ch\/en\/lawyers\/\" \/>\n<meta property=\"og:locale\" content=\"en_GB\" \/>\n<meta property=\"og:type\" content=\"article\" \/>\n<meta property=\"og:title\" content=\"Rechtsanw\u00e4lte - Zanetti &amp; Schmidhauser Rechtsanw\u00e4lte\" \/>\n<meta property=\"og:description\" content=\"Rechtsanw\u00e4lte Lic. iur. Livio D. Zanetti Livio D. Zanetti ist in allen Bereichen des Steuerrechts, insbesondere im Unternehmenssteuerrecht, im Grundst\u00fcckgewinnsteuerrecht, im Erbschafts- und im Schenkungssteuerrecht sowie im Erbrecht t\u00e4tig. Livio D. Zanetti ist Mitglied des Schweizerischen und des Z\u00fcrcher Anwaltverbands. Er spricht fliessend Deutsch und Italienisch. Livio D. Zanetti schloss sein Rechtsstudium 1985 an der [&hellip;]\" \/>\n<meta property=\"og:url\" content=\"https:\/\/zstax.ch\/en\/lawyers\/\" \/>\n<meta property=\"og:site_name\" content=\"Zanetti &amp; Schmidhauser Rechtsanw\u00e4lte\" \/>\n<meta property=\"article:modified_time\" content=\"2026-03-12T15:01:02+00:00\" \/>\n<meta property=\"og:image\" content=\"https:\/\/zstax.ch\/wp-content\/uploads\/2023\/08\/Zanetti.jpg\" \/>\n\t<meta property=\"og:image:width\" content=\"437\" \/>\n\t<meta property=\"og:image:height\" content=\"583\" \/>\n\t<meta property=\"og:image:type\" content=\"image\/jpeg\" \/>\n<meta name=\"twitter:card\" content=\"summary_large_image\" \/>\n<meta name=\"twitter:label1\" content=\"Estimated reading time\" \/>\n\t<meta name=\"twitter:data1\" content=\"2 minutes\" \/>\n<script type=\"application\/ld+json\" class=\"yoast-schema-graph\">{\"@context\":\"https:\\\/\\\/schema.org\",\"@graph\":[{\"@type\":\"WebPage\",\"@id\":\"https:\\\/\\\/zstax.ch\\\/rechtsanwaelte\\\/\",\"url\":\"https:\\\/\\\/zstax.ch\\\/rechtsanwaelte\\\/\",\"name\":\"Rechtsanw\u00e4lte - Zanetti &amp; Schmidhauser Rechtsanw\u00e4lte\",\"isPartOf\":{\"@id\":\"https:\\\/\\\/zstax.ch\\\/de\\\/#website\"},\"primaryImageOfPage\":{\"@id\":\"https:\\\/\\\/zstax.ch\\\/rechtsanwaelte\\\/#primaryimage\"},\"image\":{\"@id\":\"https:\\\/\\\/zstax.ch\\\/rechtsanwaelte\\\/#primaryimage\"},\"thumbnailUrl\":\"https:\\\/\\\/zstax.ch\\\/wp-content\\\/uploads\\\/2023\\\/08\\\/Zanetti-225x300.jpg\",\"datePublished\":\"2023-08-18T10:01:36+00:00\",\"dateModified\":\"2026-03-12T15:01:02+00:00\",\"breadcrumb\":{\"@id\":\"https:\\\/\\\/zstax.ch\\\/rechtsanwaelte\\\/#breadcrumb\"},\"inLanguage\":\"en-GB\",\"potentialAction\":[{\"@type\":\"ReadAction\",\"target\":[\"https:\\\/\\\/zstax.ch\\\/rechtsanwaelte\\\/\"]}]},{\"@type\":\"ImageObject\",\"inLanguage\":\"en-GB\",\"@id\":\"https:\\\/\\\/zstax.ch\\\/rechtsanwaelte\\\/#primaryimage\",\"url\":\"https:\\\/\\\/zstax.ch\\\/wp-content\\\/uploads\\\/2023\\\/08\\\/Zanetti-225x300.jpg\",\"contentUrl\":\"https:\\\/\\\/zstax.ch\\\/wp-content\\\/uploads\\\/2023\\\/08\\\/Zanetti-225x300.jpg\"},{\"@type\":\"BreadcrumbList\",\"@id\":\"https:\\\/\\\/zstax.ch\\\/rechtsanwaelte\\\/#breadcrumb\",\"itemListElement\":[{\"@type\":\"ListItem\",\"position\":1,\"name\":\"Startseite\",\"item\":\"https:\\\/\\\/zstax.ch\\\/de\\\/\"},{\"@type\":\"ListItem\",\"position\":2,\"name\":\"Rechtsanw\u00e4lte\"}]},{\"@type\":\"WebSite\",\"@id\":\"https:\\\/\\\/zstax.ch\\\/de\\\/#website\",\"url\":\"https:\\\/\\\/zstax.ch\\\/de\\\/\",\"name\":\"Zanetti &amp; Schmidhauser Rechtsanw\u00e4lte\",\"description\":\"\",\"publisher\":{\"@id\":\"https:\\\/\\\/zstax.ch\\\/de\\\/#organization\"},\"potentialAction\":[{\"@type\":\"SearchAction\",\"target\":{\"@type\":\"EntryPoint\",\"urlTemplate\":\"https:\\\/\\\/zstax.ch\\\/de\\\/?s={search_term_string}\"},\"query-input\":{\"@type\":\"PropertyValueSpecification\",\"valueRequired\":true,\"valueName\":\"search_term_string\"}}],\"inLanguage\":\"en-GB\"},{\"@type\":\"Organization\",\"@id\":\"https:\\\/\\\/zstax.ch\\\/de\\\/#organization\",\"name\":\"Zanetti &amp; Schmidhauser Rechtsanw\u00e4lte\",\"url\":\"https:\\\/\\\/zstax.ch\\\/de\\\/\",\"logo\":{\"@type\":\"ImageObject\",\"inLanguage\":\"en-GB\",\"@id\":\"https:\\\/\\\/zstax.ch\\\/de\\\/#\\\/schema\\\/logo\\\/image\\\/\",\"url\":\"https:\\\/\\\/zstax.ch\\\/wp-content\\\/uploads\\\/2023\\\/08\\\/ZanettiSchmidhauser-Logo-1.svg\",\"contentUrl\":\"https:\\\/\\\/zstax.ch\\\/wp-content\\\/uploads\\\/2023\\\/08\\\/ZanettiSchmidhauser-Logo-1.svg\",\"width\":373,\"height\":241,\"caption\":\"Zanetti &amp; Schmidhauser Rechtsanw\u00e4lte\"},\"image\":{\"@id\":\"https:\\\/\\\/zstax.ch\\\/de\\\/#\\\/schema\\\/logo\\\/image\\\/\"}}]}<\/script>\n<!-- \/ Yoast SEO plugin. -->","yoast_head_json":{"title":"Rechtsanw\u00e4lte - Zanetti &amp; Schmidhauser Rechtsanw\u00e4lte","robots":{"index":"index","follow":"follow","max-snippet":"max-snippet:-1","max-image-preview":"max-image-preview:large","max-video-preview":"max-video-preview:-1"},"canonical":"https:\/\/zstax.ch\/en\/lawyers\/","og_locale":"en_GB","og_type":"article","og_title":"Rechtsanw\u00e4lte - Zanetti &amp; Schmidhauser Rechtsanw\u00e4lte","og_description":"Rechtsanw\u00e4lte Lic. iur. Livio D. Zanetti Livio D. Zanetti ist in allen Bereichen des Steuerrechts, insbesondere im Unternehmenssteuerrecht, im Grundst\u00fcckgewinnsteuerrecht, im Erbschafts- und im Schenkungssteuerrecht sowie im Erbrecht t\u00e4tig. Livio D. Zanetti ist Mitglied des Schweizerischen und des Z\u00fcrcher Anwaltverbands. Er spricht fliessend Deutsch und Italienisch. Livio D. Zanetti schloss sein Rechtsstudium 1985 an der [&hellip;]","og_url":"https:\/\/zstax.ch\/en\/lawyers\/","og_site_name":"Zanetti &amp; Schmidhauser Rechtsanw\u00e4lte","article_modified_time":"2026-03-12T15:01:02+00:00","og_image":[{"width":437,"height":583,"url":"https:\/\/zstax.ch\/wp-content\/uploads\/2023\/08\/Zanetti.jpg","type":"image\/jpeg"}],"twitter_card":"summary_large_image","twitter_misc":{"Estimated reading time":"2 minutes"},"schema":{"@context":"https:\/\/schema.org","@graph":[{"@type":"WebPage","@id":"https:\/\/zstax.ch\/rechtsanwaelte\/","url":"https:\/\/zstax.ch\/rechtsanwaelte\/","name":"Rechtsanw\u00e4lte - Zanetti &amp; Schmidhauser Rechtsanw\u00e4lte","isPartOf":{"@id":"https:\/\/zstax.ch\/de\/#website"},"primaryImageOfPage":{"@id":"https:\/\/zstax.ch\/rechtsanwaelte\/#primaryimage"},"image":{"@id":"https:\/\/zstax.ch\/rechtsanwaelte\/#primaryimage"},"thumbnailUrl":"https:\/\/zstax.ch\/wp-content\/uploads\/2023\/08\/Zanetti-225x300.jpg","datePublished":"2023-08-18T10:01:36+00:00","dateModified":"2026-03-12T15:01:02+00:00","breadcrumb":{"@id":"https:\/\/zstax.ch\/rechtsanwaelte\/#breadcrumb"},"inLanguage":"en-GB","potentialAction":[{"@type":"ReadAction","target":["https:\/\/zstax.ch\/rechtsanwaelte\/"]}]},{"@type":"ImageObject","inLanguage":"en-GB","@id":"https:\/\/zstax.ch\/rechtsanwaelte\/#primaryimage","url":"https:\/\/zstax.ch\/wp-content\/uploads\/2023\/08\/Zanetti-225x300.jpg","contentUrl":"https:\/\/zstax.ch\/wp-content\/uploads\/2023\/08\/Zanetti-225x300.jpg"},{"@type":"BreadcrumbList","@id":"https:\/\/zstax.ch\/rechtsanwaelte\/#breadcrumb","itemListElement":[{"@type":"ListItem","position":1,"name":"Startseite","item":"https:\/\/zstax.ch\/de\/"},{"@type":"ListItem","position":2,"name":"Rechtsanw\u00e4lte"}]},{"@type":"WebSite","@id":"https:\/\/zstax.ch\/de\/#website","url":"https:\/\/zstax.ch\/de\/","name":"Zanetti &amp; Schmidhauser Rechtsanw\u00e4lte","description":"","publisher":{"@id":"https:\/\/zstax.ch\/de\/#organization"},"potentialAction":[{"@type":"SearchAction","target":{"@type":"EntryPoint","urlTemplate":"https:\/\/zstax.ch\/de\/?s={search_term_string}"},"query-input":{"@type":"PropertyValueSpecification","valueRequired":true,"valueName":"search_term_string"}}],"inLanguage":"en-GB"},{"@type":"Organization","@id":"https:\/\/zstax.ch\/de\/#organization","name":"Zanetti &amp; Schmidhauser Rechtsanw\u00e4lte","url":"https:\/\/zstax.ch\/de\/","logo":{"@type":"ImageObject","inLanguage":"en-GB","@id":"https:\/\/zstax.ch\/de\/#\/schema\/logo\/image\/","url":"https:\/\/zstax.ch\/wp-content\/uploads\/2023\/08\/ZanettiSchmidhauser-Logo-1.svg","contentUrl":"https:\/\/zstax.ch\/wp-content\/uploads\/2023\/08\/ZanettiSchmidhauser-Logo-1.svg","width":373,"height":241,"caption":"Zanetti &amp; Schmidhauser Rechtsanw\u00e4lte"},"image":{"@id":"https:\/\/zstax.ch\/de\/#\/schema\/logo\/image\/"}}]}},"_links":{"self":[{"href":"https:\/\/zstax.ch\/en\/wp-json\/wp\/v2\/pages\/1154","targetHints":{"allow":["GET"]}}],"collection":[{"href":"https:\/\/zstax.ch\/en\/wp-json\/wp\/v2\/pages"}],"about":[{"href":"https:\/\/zstax.ch\/en\/wp-json\/wp\/v2\/types\/page"}],"author":[{"embeddable":true,"href":"https:\/\/zstax.ch\/en\/wp-json\/wp\/v2\/users\/2"}],"replies":[{"embeddable":true,"href":"https:\/\/zstax.ch\/en\/wp-json\/wp\/v2\/comments?post=1154"}],"version-history":[{"count":10,"href":"https:\/\/zstax.ch\/en\/wp-json\/wp\/v2\/pages\/1154\/revisions"}],"predecessor-version":[{"id":1891,"href":"https:\/\/zstax.ch\/en\/wp-json\/wp\/v2\/pages\/1154\/revisions\/1891"}],"wp:attachment":[{"href":"https:\/\/zstax.ch\/en\/wp-json\/wp\/v2\/media?parent=1154"}],"curies":[{"name":"wp","href":"https:\/\/api.w.org\/{rel}","templated":true}]}}