{"id":1385,"date":"2023-08-25T08:38:24","date_gmt":"2023-08-25T06:38:24","guid":{"rendered":"https:\/\/server3.masterhomepage.ch\/~zstaxch\/?page_id=1385"},"modified":"2023-10-23T11:04:34","modified_gmt":"2023-10-23T09:04:34","slug":"contact","status":"publish","type":"page","link":"https:\/\/zstax.ch\/en\/kontakt\/","title":{"rendered":"Contact"},"content":{"rendered":"<div data-elementor-type=\"wp-post\" data-elementor-id=\"1385\" class=\"elementor elementor-1385\" data-elementor-post-type=\"page\">\n\t\t\t\t\t\t<section class=\"elementor-section elementor-top-section elementor-element elementor-element-40312b6 elementor-section-content-middle elementor-reverse-mobile elementor-section-height-min-height elementor-section-boxed elementor-section-height-default elementor-section-items-middle\" data-id=\"40312b6\" data-element_type=\"section\" data-e-type=\"section\" data-settings=\"{&quot;background_background&quot;:&quot;classic&quot;}\">\n\t\t\t\t\t\t<div class=\"elementor-container elementor-column-gap-no\">\n\t\t\t\t\t<div class=\"elementor-column elementor-col-100 elementor-top-column elementor-element elementor-element-b731468\" data-id=\"b731468\" data-element_type=\"column\" data-e-type=\"column\">\n\t\t\t<div class=\"elementor-widget-wrap\">\n\t\t\t\t\t\t\t<\/div>\n\t\t<\/div>\n\t\t\t\t\t<\/div>\n\t\t<\/section>\n\t\t\t\t<section class=\"elementor-section elementor-top-section elementor-element elementor-element-ebd96d3 elementor-section-boxed elementor-section-height-default elementor-section-height-default\" data-id=\"ebd96d3\" data-element_type=\"section\" data-e-type=\"section\">\n\t\t\t\t\t\t<div class=\"elementor-container elementor-column-gap-default\">\n\t\t\t\t\t<div class=\"elementor-column elementor-col-100 elementor-top-column elementor-element elementor-element-15b85da\" data-id=\"15b85da\" data-element_type=\"column\" data-e-type=\"column\">\n\t\t\t<div class=\"elementor-widget-wrap elementor-element-populated\">\n\t\t\t\t\t\t<div class=\"elementor-element elementor-element-9e09fb0 elementor-widget elementor-widget-text-editor\" data-id=\"9e09fb0\" data-element_type=\"widget\" data-e-type=\"widget\" data-widget_type=\"text-editor.default\">\n\t\t\t\t<div class=\"elementor-widget-container\">\n\t\t\t\t\t\t\t\t\t<h3>Contact<\/h3>\t\t\t\t\t\t\t\t<\/div>\n\t\t\t\t<\/div>\n\t\t\t\t\t<\/div>\n\t\t<\/div>\n\t\t\t\t\t<\/div>\n\t\t<\/section>\n\t\t\t\t<section class=\"elementor-section elementor-top-section elementor-element elementor-element-01c5e34 elementor-section-height-min-height elementor-section-items-stretch elementor-section-boxed elementor-section-height-default\" data-id=\"01c5e34\" data-element_type=\"section\" data-e-type=\"section\">\n\t\t\t\t\t\t<div class=\"elementor-container elementor-column-gap-default\">\n\t\t\t\t\t<div class=\"elementor-column elementor-col-50 elementor-top-column elementor-element elementor-element-a031a71\" data-id=\"a031a71\" data-element_type=\"column\" data-e-type=\"column\">\n\t\t\t<div class=\"elementor-widget-wrap elementor-element-populated\">\n\t\t\t\t\t\t<section class=\"elementor-section elementor-inner-section elementor-element elementor-element-1a15069 elementor-section-boxed elementor-section-height-default elementor-section-height-default\" data-id=\"1a15069\" data-element_type=\"section\" data-e-type=\"section\">\n\t\t\t\t\t\t<div class=\"elementor-container elementor-column-gap-default\">\n\t\t\t\t\t<div class=\"elementor-column elementor-col-100 elementor-inner-column elementor-element elementor-element-d3c89b4\" data-id=\"d3c89b4\" data-element_type=\"column\" data-e-type=\"column\">\n\t\t\t<div class=\"elementor-widget-wrap elementor-element-populated\">\n\t\t\t\t\t\t<div class=\"elementor-element elementor-element-253751b elementor-widget elementor-widget-text-editor\" data-id=\"253751b\" data-element_type=\"widget\" data-e-type=\"widget\" data-widget_type=\"text-editor.default\">\n\t\t\t\t<div class=\"elementor-widget-container\">\n\t\t\t\t\t\t\t\t\t<div>Zanetti &amp; Schmidhauser Rechtsanw\u00e4lte<\/div><div>Bergstrasse 114<\/div><p>8032 Z\u00fcrich<\/p><p><a href=\"tel:+41444421515\">+41 (0)44 442 15 15<\/a> <br \/><a href=\"\/en\/&\/#x6d;&#97;&#x69;&#x6c;&#116;&#x6f;&#x3a;&#105;&#x6e;&#x66;&#111;&#x40;&#x7a;s&#x74;&#x61;x&#x2e;&#99;h\">&#x69;&#x6e;&#x66;&#x6f;&#x40;&#x7a;&#x73;&#x74;&#x61;&#x78;&#x2e;&#x63;&#x68;<\/a><\/p>\t\t\t\t\t\t\t\t<\/div>\n\t\t\t\t<\/div>\n\t\t\t\t\t<\/div>\n\t\t<\/div>\n\t\t\t\t\t<\/div>\n\t\t<\/section>\n\t\t\t\t\t<\/div>\n\t\t<\/div>\n\t\t\t\t<div class=\"elementor-column elementor-col-50 elementor-top-column elementor-element elementor-element-7c62f72\" data-id=\"7c62f72\" data-element_type=\"column\" data-e-type=\"column\">\n\t\t\t<div class=\"elementor-widget-wrap elementor-element-populated\">\n\t\t\t\t\t\t<section class=\"elementor-section elementor-inner-section elementor-element elementor-element-7312cd8 elementor-section-boxed elementor-section-height-default elementor-section-height-default\" data-id=\"7312cd8\" data-element_type=\"section\" data-e-type=\"section\">\n\t\t\t\t\t\t<div class=\"elementor-container elementor-column-gap-default\">\n\t\t\t\t\t<div class=\"elementor-column elementor-col-100 elementor-inner-column elementor-element elementor-element-8514496\" data-id=\"8514496\" data-element_type=\"column\" data-e-type=\"column\">\n\t\t\t<div class=\"elementor-widget-wrap elementor-element-populated\">\n\t\t\t\t\t\t<div class=\"elementor-element elementor-element-537a66d elementor-widget elementor-widget-google_maps\" data-id=\"537a66d\" data-element_type=\"widget\" data-e-type=\"widget\" data-widget_type=\"google_maps.default\">\n\t\t\t\t<div class=\"elementor-widget-container\">\n\t\t\t\t\t\t\t<div class=\"elementor-custom-embed\">\n\t\t\t<iframe loading=\"lazy\"\n\t\t\t\t\tsrc=\"https:\/\/maps.google.com\/maps?q=Bergstrasse%20114%2C%208032%20Z%C3%BCrich&#038;t=m&#038;z=14&#038;output=embed&#038;iwloc=near\"\n\t\t\t\t\ttitle=\"Bergstrasse 114, 8032 Z\u00fcrich\"\n\t\t\t\t\taria-label=\"Bergstrasse 114, 8032 Z\u00fcrich\"\n\t\t\t><\/iframe>\n\t\t<\/div>\n\t\t\t\t\t\t<\/div>\n\t\t\t\t<\/div>\n\t\t\t\t\t<\/div>\n\t\t<\/div>\n\t\t\t\t\t<\/div>\n\t\t<\/section>\n\t\t\t\t\t<\/div>\n\t\t<\/div>\n\t\t\t\t\t<\/div>\n\t\t<\/section>\n\t\t\t\t<\/div>","protected":false},"excerpt":{"rendered":"<p>Kontakt Zanetti &amp; Schmidhauser Rechtsanw\u00e4lteBergstrasse 114 8032 Z\u00fcrich +41 (0)44 442 15 15 &#x69;&#x6e;&#102;o&#x40;&#x7a;&#x73;&#116;a&#x78;&#x2e;&#x63;&#104;<\/p>","protected":false},"author":2,"featured_media":0,"parent":0,"menu_order":0,"comment_status":"closed","ping_status":"closed","template":"","meta":{"site-sidebar-layout":"no-sidebar","site-content-layout":"page-builder","ast-site-content-layout":"default","site-content-style":"default","site-sidebar-style":"default","ast-global-header-display":"","ast-banner-title-visibility":"","ast-main-header-display":"","ast-hfb-above-header-display":"","ast-hfb-below-header-display":"","ast-hfb-mobile-header-display":"","site-post-title":"disabled","ast-breadcrumbs-content":"","ast-featured-img":"disabled","footer-sml-layout":"","ast-disable-related-posts":"","theme-transparent-header-meta":"","adv-header-id-meta":"","stick-header-meta":"default","header-above-stick-meta":"","header-main-stick-meta":"","header-below-stick-meta":"","astra-migrate-meta-layouts":"default","ast-page-background-enabled":"default","ast-page-background-meta":{"desktop":{"background-color":"","background-image":"","background-repeat":"repeat","background-position":"center center","background-size":"auto","background-attachment":"scroll","background-type":"","background-media":"","overlay-type":"","overlay-color":"","overlay-opacity":"","overlay-gradient":""},"tablet":{"background-color":"","background-image":"","background-repeat":"repeat","background-position":"center center","background-size":"auto","background-attachment":"scroll","background-type":"","background-media":"","overlay-type":"","overlay-color":"","overlay-opacity":"","overlay-gradient":""},"mobile":{"background-color":"","background-image":"","background-repeat":"repeat","background-position":"center center","background-size":"auto","background-attachment":"scroll","background-type":"","background-media":"","overlay-type":"","overlay-color":"","overlay-opacity":"","overlay-gradient":""}},"ast-content-background-meta":{"desktop":{"background-color":"var(--ast-global-color-5)","background-image":"","background-repeat":"repeat","background-position":"center center","background-size":"auto","background-attachment":"scroll","background-type":"","background-media":"","overlay-type":"","overlay-color":"","overlay-opacity":"","overlay-gradient":""},"tablet":{"background-color":"var(--ast-global-color-5)","background-image":"","background-repeat":"repeat","background-position":"center center","background-size":"auto","background-attachment":"scroll","background-type":"","background-media":"","overlay-type":"","overlay-color":"","overlay-opacity":"","overlay-gradient":""},"mobile":{"background-color":"var(--ast-global-color-5)","background-image":"","background-repeat":"repeat","background-position":"center center","background-size":"auto","background-attachment":"scroll","background-type":"","background-media":"","overlay-type":"","overlay-color":"","overlay-opacity":"","overlay-gradient":""}},"footnotes":""},"class_list":["post-1385","page","type-page","status-publish","hentry"],"yoast_head":"<!-- This site is optimized with the Yoast SEO plugin v27.4 - https:\/\/yoast.com\/product\/yoast-seo-wordpress\/ -->\n<title>Kontakt - Zanetti &amp; Schmidhauser Rechtsanw\u00e4lte<\/title>\n<meta name=\"robots\" content=\"index, follow, max-snippet:-1, max-image-preview:large, max-video-preview:-1\" \/>\n<link rel=\"canonical\" href=\"https:\/\/zstax.ch\/en\/contact\/\" \/>\n<meta property=\"og:locale\" content=\"en_GB\" \/>\n<meta property=\"og:type\" content=\"article\" \/>\n<meta property=\"og:title\" content=\"Kontakt - Zanetti &amp; Schmidhauser Rechtsanw\u00e4lte\" \/>\n<meta property=\"og:description\" content=\"Kontakt Zanetti &amp; Schmidhauser Rechtsanw\u00e4lteBergstrasse 114 8032 Z\u00fcrich +41 (0)44 442 15 15 &#105;&#x6e;&#102;&#x6f;&#064;&#x7a;s&#x74;a&#x78;&#046;&#099;&#x68;\" \/>\n<meta property=\"og:url\" content=\"https:\/\/zstax.ch\/en\/contact\/\" \/>\n<meta property=\"og:site_name\" content=\"Zanetti &amp; Schmidhauser Rechtsanw\u00e4lte\" \/>\n<meta property=\"article:modified_time\" content=\"2023-10-23T09:04:34+00:00\" \/>\n<meta name=\"twitter:card\" content=\"summary_large_image\" \/>\n<meta name=\"twitter:label1\" content=\"Estimated reading time\" \/>\n\t<meta name=\"twitter:data1\" content=\"4 minutes\" \/>\n<script type=\"application\/ld+json\" class=\"yoast-schema-graph\">{\"@context\":\"https:\\\/\\\/schema.org\",\"@graph\":[{\"@type\":\"WebPage\",\"@id\":\"https:\\\/\\\/zstax.ch\\\/en\\\/contact\\\/\",\"url\":\"https:\\\/\\\/zstax.ch\\\/en\\\/contact\\\/\",\"name\":\"Kontakt - Zanetti &amp; Schmidhauser Rechtsanw\u00e4lte\",\"isPartOf\":{\"@id\":\"https:\\\/\\\/zstax.ch\\\/de\\\/#website\"},\"datePublished\":\"2023-08-25T06:38:24+00:00\",\"dateModified\":\"2023-10-23T09:04:34+00:00\",\"breadcrumb\":{\"@id\":\"https:\\\/\\\/zstax.ch\\\/en\\\/contact\\\/#breadcrumb\"},\"inLanguage\":\"en-GB\",\"potentialAction\":[{\"@type\":\"ReadAction\",\"target\":[\"https:\\\/\\\/zstax.ch\\\/en\\\/contact\\\/\"]}]},{\"@type\":\"BreadcrumbList\",\"@id\":\"https:\\\/\\\/zstax.ch\\\/en\\\/contact\\\/#breadcrumb\",\"itemListElement\":[{\"@type\":\"ListItem\",\"position\":1,\"name\":\"Startseite\",\"item\":\"https:\\\/\\\/zstax.ch\\\/de\\\/\"},{\"@type\":\"ListItem\",\"position\":2,\"name\":\"Kontakt\"}]},{\"@type\":\"WebSite\",\"@id\":\"https:\\\/\\\/zstax.ch\\\/de\\\/#website\",\"url\":\"https:\\\/\\\/zstax.ch\\\/de\\\/\",\"name\":\"Zanetti &amp; Schmidhauser Rechtsanw\u00e4lte\",\"description\":\"\",\"publisher\":{\"@id\":\"https:\\\/\\\/zstax.ch\\\/de\\\/#organization\"},\"potentialAction\":[{\"@type\":\"SearchAction\",\"target\":{\"@type\":\"EntryPoint\",\"urlTemplate\":\"https:\\\/\\\/zstax.ch\\\/de\\\/?s={search_term_string}\"},\"query-input\":{\"@type\":\"PropertyValueSpecification\",\"valueRequired\":true,\"valueName\":\"search_term_string\"}}],\"inLanguage\":\"en-GB\"},{\"@type\":\"Organization\",\"@id\":\"https:\\\/\\\/zstax.ch\\\/de\\\/#organization\",\"name\":\"Zanetti &amp; Schmidhauser Rechtsanw\u00e4lte\",\"url\":\"https:\\\/\\\/zstax.ch\\\/de\\\/\",\"logo\":{\"@type\":\"ImageObject\",\"inLanguage\":\"en-GB\",\"@id\":\"https:\\\/\\\/zstax.ch\\\/de\\\/#\\\/schema\\\/logo\\\/image\\\/\",\"url\":\"https:\\\/\\\/zstax.ch\\\/wp-content\\\/uploads\\\/2023\\\/08\\\/ZanettiSchmidhauser-Logo-1.svg\",\"contentUrl\":\"https:\\\/\\\/zstax.ch\\\/wp-content\\\/uploads\\\/2023\\\/08\\\/ZanettiSchmidhauser-Logo-1.svg\",\"width\":373,\"height\":241,\"caption\":\"Zanetti &amp; Schmidhauser Rechtsanw\u00e4lte\"},\"image\":{\"@id\":\"https:\\\/\\\/zstax.ch\\\/de\\\/#\\\/schema\\\/logo\\\/image\\\/\"}}]}<\/script>\n<!-- \/ Yoast SEO plugin. -->","yoast_head_json":{"title":"Kontakt - Zanetti &amp; Schmidhauser Rechtsanw\u00e4lte","robots":{"index":"index","follow":"follow","max-snippet":"max-snippet:-1","max-image-preview":"max-image-preview:large","max-video-preview":"max-video-preview:-1"},"canonical":"https:\/\/zstax.ch\/en\/contact\/","og_locale":"en_GB","og_type":"article","og_title":"Kontakt - Zanetti &amp; Schmidhauser Rechtsanw\u00e4lte","og_description":"Kontakt Zanetti &amp; Schmidhauser Rechtsanw\u00e4lteBergstrasse 114 8032 Z\u00fcrich +41 (0)44 442 15 15 &#105;&#x6e;&#102;&#x6f;&#64;&#x7a;s&#x74;a&#x78;&#46;&#99;&#x68;","og_url":"https:\/\/zstax.ch\/en\/contact\/","og_site_name":"Zanetti &amp; Schmidhauser Rechtsanw\u00e4lte","article_modified_time":"2023-10-23T09:04:34+00:00","twitter_card":"summary_large_image","twitter_misc":{"Estimated reading time":"4 minutes"},"schema":{"@context":"https:\/\/schema.org","@graph":[{"@type":"WebPage","@id":"https:\/\/zstax.ch\/en\/contact\/","url":"https:\/\/zstax.ch\/en\/contact\/","name":"Kontakt - Zanetti &amp; Schmidhauser Rechtsanw\u00e4lte","isPartOf":{"@id":"https:\/\/zstax.ch\/de\/#website"},"datePublished":"2023-08-25T06:38:24+00:00","dateModified":"2023-10-23T09:04:34+00:00","breadcrumb":{"@id":"https:\/\/zstax.ch\/en\/contact\/#breadcrumb"},"inLanguage":"en-GB","potentialAction":[{"@type":"ReadAction","target":["https:\/\/zstax.ch\/en\/contact\/"]}]},{"@type":"BreadcrumbList","@id":"https:\/\/zstax.ch\/en\/contact\/#breadcrumb","itemListElement":[{"@type":"ListItem","position":1,"name":"Startseite","item":"https:\/\/zstax.ch\/de\/"},{"@type":"ListItem","position":2,"name":"Kontakt"}]},{"@type":"WebSite","@id":"https:\/\/zstax.ch\/de\/#website","url":"https:\/\/zstax.ch\/de\/","name":"Zanetti &amp; Schmidhauser Rechtsanw\u00e4lte","description":"","publisher":{"@id":"https:\/\/zstax.ch\/de\/#organization"},"potentialAction":[{"@type":"SearchAction","target":{"@type":"EntryPoint","urlTemplate":"https:\/\/zstax.ch\/de\/?s={search_term_string}"},"query-input":{"@type":"PropertyValueSpecification","valueRequired":true,"valueName":"search_term_string"}}],"inLanguage":"en-GB"},{"@type":"Organization","@id":"https:\/\/zstax.ch\/de\/#organization","name":"Zanetti &amp; Schmidhauser Rechtsanw\u00e4lte","url":"https:\/\/zstax.ch\/de\/","logo":{"@type":"ImageObject","inLanguage":"en-GB","@id":"https:\/\/zstax.ch\/de\/#\/schema\/logo\/image\/","url":"https:\/\/zstax.ch\/wp-content\/uploads\/2023\/08\/ZanettiSchmidhauser-Logo-1.svg","contentUrl":"https:\/\/zstax.ch\/wp-content\/uploads\/2023\/08\/ZanettiSchmidhauser-Logo-1.svg","width":373,"height":241,"caption":"Zanetti &amp; Schmidhauser Rechtsanw\u00e4lte"},"image":{"@id":"https:\/\/zstax.ch\/de\/#\/schema\/logo\/image\/"}}]}},"_links":{"self":[{"href":"https:\/\/zstax.ch\/en\/wp-json\/wp\/v2\/pages\/1385","targetHints":{"allow":["GET"]}}],"collection":[{"href":"https:\/\/zstax.ch\/en\/wp-json\/wp\/v2\/pages"}],"about":[{"href":"https:\/\/zstax.ch\/en\/wp-json\/wp\/v2\/types\/page"}],"author":[{"embeddable":true,"href":"https:\/\/zstax.ch\/en\/wp-json\/wp\/v2\/users\/2"}],"replies":[{"embeddable":true,"href":"https:\/\/zstax.ch\/en\/wp-json\/wp\/v2\/comments?post=1385"}],"version-history":[{"count":0,"href":"https:\/\/zstax.ch\/en\/wp-json\/wp\/v2\/pages\/1385\/revisions"}],"wp:attachment":[{"href":"https:\/\/zstax.ch\/en\/wp-json\/wp\/v2\/media?parent=1385"}],"curies":[{"name":"wp","href":"https:\/\/api.w.org\/{rel}","templated":true}]}}