{"id":860,"date":"2018-05-25T11:13:52","date_gmt":"2018-05-25T09:13:52","guid":{"rendered":"https:\/\/server3.masterhomepage.ch\/~zstaxch\/home\/"},"modified":"2023-10-23T10:28:19","modified_gmt":"2023-10-23T08:28:19","slug":"office","status":"publish","type":"page","link":"https:\/\/zstax.ch\/en\/","title":{"rendered":"Office"},"content":{"rendered":"<div data-elementor-type=\"wp-post\" data-elementor-id=\"860\" class=\"elementor elementor-860\" data-elementor-post-type=\"page\">\n\t\t\t\t\t\t<section class=\"elementor-section elementor-top-section elementor-element elementor-element-2af006c8 elementor-section-content-middle elementor-reverse-mobile elementor-section-height-min-height elementor-section-boxed elementor-section-height-default elementor-section-items-middle\" data-id=\"2af006c8\" data-element_type=\"section\" data-e-type=\"section\" data-settings=\"{&quot;background_background&quot;:&quot;classic&quot;}\">\n\t\t\t\t\t\t<div class=\"elementor-container elementor-column-gap-no\">\n\t\t\t\t\t<div class=\"elementor-column elementor-col-100 elementor-top-column elementor-element elementor-element-9a19bdc\" data-id=\"9a19bdc\" data-element_type=\"column\" data-e-type=\"column\">\n\t\t\t<div class=\"elementor-widget-wrap\">\n\t\t\t\t\t\t\t<\/div>\n\t\t<\/div>\n\t\t\t\t\t<\/div>\n\t\t<\/section>\n\t\t\t\t<section class=\"elementor-section elementor-top-section elementor-element elementor-element-f658bf0 elementor-section-boxed elementor-section-height-default elementor-section-height-default\" data-id=\"f658bf0\" data-element_type=\"section\" data-e-type=\"section\">\n\t\t\t\t\t\t<div class=\"elementor-container elementor-column-gap-default\">\n\t\t\t\t\t<div class=\"elementor-column elementor-col-100 elementor-top-column elementor-element elementor-element-e126904\" data-id=\"e126904\" data-element_type=\"column\" data-e-type=\"column\">\n\t\t\t<div class=\"elementor-widget-wrap elementor-element-populated\">\n\t\t\t\t\t\t<div class=\"elementor-element elementor-element-659e9b3 elementor-widget elementor-widget-text-editor\" data-id=\"659e9b3\" data-element_type=\"widget\" data-e-type=\"widget\" data-widget_type=\"text-editor.default\">\n\t\t\t\t<div class=\"elementor-widget-container\">\n\t\t\t\t\t\t\t\t\t<h3>Zanetti &amp; Schmidhauser Attorneys at Law is a law firm specialized in tax law.<\/h3>\t\t\t\t\t\t\t\t<\/div>\n\t\t\t\t<\/div>\n\t\t\t\t\t<\/div>\n\t\t<\/div>\n\t\t\t\t\t<\/div>\n\t\t<\/section>\n\t\t\t\t<section class=\"elementor-section elementor-top-section elementor-element elementor-element-1fa00a9 elementor-section-boxed elementor-section-height-default elementor-section-height-default\" data-id=\"1fa00a9\" data-element_type=\"section\" data-e-type=\"section\">\n\t\t\t\t\t\t<div class=\"elementor-container elementor-column-gap-default\">\n\t\t\t\t\t<div class=\"elementor-column elementor-col-100 elementor-top-column elementor-element elementor-element-ae32595\" data-id=\"ae32595\" data-element_type=\"column\" data-e-type=\"column\">\n\t\t\t<div class=\"elementor-widget-wrap elementor-element-populated\">\n\t\t\t\t\t\t<div class=\"elementor-element elementor-element-c6f1a6e elementor-widget elementor-widget-text-editor\" data-id=\"c6f1a6e\" data-element_type=\"widget\" data-e-type=\"widget\" data-widget_type=\"text-editor.default\">\n\t\t\t\t<div class=\"elementor-widget-container\">\n\t\t\t\t\t\t\t\t\t<p>The law firm Zanetti &amp; Schmidhauser Attorneys at Law specializing in advising individuals and corporations in all areas of tax law.<\/p><p>Our practical experience with tax authorities, courts and law enforcement authorities as well as our in-depth knowledge of contract, corporate and inheritance law, which are closely related to tax law, enables us to offer you comprehensive tax advice and to consider your tax matters in a broader context.<\/p><p>We place high value on serving our clients personally. Commitment, discretion and competence are at the forefront of our work.<\/p>\t\t\t\t\t\t\t\t<\/div>\n\t\t\t\t<\/div>\n\t\t\t\t\t<\/div>\n\t\t<\/div>\n\t\t\t\t\t<\/div>\n\t\t<\/section>\n\t\t\t\t<\/div>","protected":false},"excerpt":{"rendered":"<p>Zanetti &amp; Schmidhauser Rechtsanw\u00e4lte ist eine auf Steuerrecht spezialisierte Anwaltskanzlei. Die Anwaltskanzlei Zanetti &amp; Schmidhauser Rechtsanw\u00e4lte ist spezialisiert auf die Beratung von Privatpersonen und Unternehmen in allen Bereichen des Steuerrechts. Unsere Praxiserfahrung bei Steuerbeh\u00f6rden, Gerichten und Strafverfolgungsbeh\u00f6rden sowie unsere vertieften Kenntnisse im Vertrags-, Gesellschafts- und Erbrecht, die eng mit dem Steuerrecht verbunden sind, erm\u00f6glichen es [&hellip;]<\/p>\n","protected":false},"author":2,"featured_media":0,"parent":0,"menu_order":0,"comment_status":"closed","ping_status":"closed","template":"","meta":{"site-sidebar-layout":"no-sidebar","site-content-layout":"page-builder","ast-site-content-layout":"default","site-content-style":"default","site-sidebar-style":"default","ast-global-header-display":"","ast-banner-title-visibility":"","ast-main-header-display":"","ast-hfb-above-header-display":"","ast-hfb-below-header-display":"","ast-hfb-mobile-header-display":"","site-post-title":"disabled","ast-breadcrumbs-content":"","ast-featured-img":"disabled","footer-sml-layout":"","ast-disable-related-posts":"","theme-transparent-header-meta":"","adv-header-id-meta":"","stick-header-meta":"default","header-above-stick-meta":"","header-main-stick-meta":"","header-below-stick-meta":"","astra-migrate-meta-layouts":"default","ast-page-background-enabled":"default","ast-page-background-meta":{"desktop":{"background-color":"","background-image":"","background-repeat":"repeat","background-position":"center center","background-size":"auto","background-attachment":"scroll","background-type":"","background-media":"","overlay-type":"","overlay-color":"","overlay-opacity":"","overlay-gradient":""},"tablet":{"background-color":"","background-image":"","background-repeat":"repeat","background-position":"center center","background-size":"auto","background-attachment":"scroll","background-type":"","background-media":"","overlay-type":"","overlay-color":"","overlay-opacity":"","overlay-gradient":""},"mobile":{"background-color":"","background-image":"","background-repeat":"repeat","background-position":"center center","background-size":"auto","background-attachment":"scroll","background-type":"","background-media":"","overlay-type":"","overlay-color":"","overlay-opacity":"","overlay-gradient":""}},"ast-content-background-meta":{"desktop":{"background-color":"var(--ast-global-color-5)","background-image":"","background-repeat":"repeat","background-position":"center center","background-size":"auto","background-attachment":"scroll","background-type":"","background-media":"","overlay-type":"","overlay-color":"","overlay-opacity":"","overlay-gradient":""},"tablet":{"background-color":"var(--ast-global-color-5)","background-image":"","background-repeat":"repeat","background-position":"center center","background-size":"auto","background-attachment":"scroll","background-type":"","background-media":"","overlay-type":"","overlay-color":"","overlay-opacity":"","overlay-gradient":""},"mobile":{"background-color":"var(--ast-global-color-5)","background-image":"","background-repeat":"repeat","background-position":"center center","background-size":"auto","background-attachment":"scroll","background-type":"","background-media":"","overlay-type":"","overlay-color":"","overlay-opacity":"","overlay-gradient":""}},"footnotes":""},"class_list":["post-860","page","type-page","status-publish","hentry"],"yoast_head":"<!-- This site is optimized with the Yoast SEO plugin v27.4 - https:\/\/yoast.com\/product\/yoast-seo-wordpress\/ -->\n<title>Kanzlei - Zanetti &amp; Schmidhauser Rechtsanw\u00e4lte<\/title>\n<meta name=\"robots\" content=\"index, follow, max-snippet:-1, max-image-preview:large, max-video-preview:-1\" \/>\n<link rel=\"canonical\" href=\"https:\/\/zstax.ch\/en\/\" \/>\n<meta property=\"og:locale\" content=\"en_GB\" \/>\n<meta property=\"og:type\" content=\"article\" \/>\n<meta property=\"og:title\" content=\"Kanzlei - Zanetti &amp; Schmidhauser Rechtsanw\u00e4lte\" \/>\n<meta property=\"og:description\" content=\"Zanetti &amp; Schmidhauser Rechtsanw\u00e4lte ist eine auf Steuerrecht spezialisierte Anwaltskanzlei. Die Anwaltskanzlei Zanetti &amp; Schmidhauser Rechtsanw\u00e4lte ist spezialisiert auf die Beratung von Privatpersonen und Unternehmen in allen Bereichen des Steuerrechts. Unsere Praxiserfahrung bei Steuerbeh\u00f6rden, Gerichten und Strafverfolgungsbeh\u00f6rden sowie unsere vertieften Kenntnisse im Vertrags-, Gesellschafts- und Erbrecht, die eng mit dem Steuerrecht verbunden sind, erm\u00f6glichen es [&hellip;]\" \/>\n<meta property=\"og:url\" content=\"https:\/\/zstax.ch\/en\/\" \/>\n<meta property=\"og:site_name\" content=\"Zanetti &amp; Schmidhauser Rechtsanw\u00e4lte\" \/>\n<meta property=\"article:modified_time\" content=\"2023-10-23T08:28:19+00:00\" \/>\n<meta name=\"twitter:card\" content=\"summary_large_image\" \/>\n<meta name=\"twitter:label1\" content=\"Estimated reading time\" \/>\n\t<meta name=\"twitter:data1\" content=\"4 minutes\" \/>\n<script type=\"application\/ld+json\" class=\"yoast-schema-graph\">{\"@context\":\"https:\\\/\\\/schema.org\",\"@graph\":[{\"@type\":\"WebPage\",\"@id\":\"https:\\\/\\\/zstax.ch\\\/de\\\/\",\"url\":\"https:\\\/\\\/zstax.ch\\\/de\\\/\",\"name\":\"Kanzlei - Zanetti &amp; Schmidhauser Rechtsanw\u00e4lte\",\"isPartOf\":{\"@id\":\"https:\\\/\\\/zstax.ch\\\/de\\\/#website\"},\"datePublished\":\"2018-05-25T09:13:52+00:00\",\"dateModified\":\"2023-10-23T08:28:19+00:00\",\"breadcrumb\":{\"@id\":\"https:\\\/\\\/zstax.ch\\\/de\\\/#breadcrumb\"},\"inLanguage\":\"en-GB\",\"potentialAction\":[{\"@type\":\"ReadAction\",\"target\":[\"https:\\\/\\\/zstax.ch\\\/de\\\/\"]}]},{\"@type\":\"BreadcrumbList\",\"@id\":\"https:\\\/\\\/zstax.ch\\\/de\\\/#breadcrumb\",\"itemListElement\":[{\"@type\":\"ListItem\",\"position\":1,\"name\":\"Startseite\",\"item\":\"https:\\\/\\\/zstax.ch\\\/de\\\/\"},{\"@type\":\"ListItem\",\"position\":2,\"name\":\"Kanzlei\"}]},{\"@type\":\"WebSite\",\"@id\":\"https:\\\/\\\/zstax.ch\\\/de\\\/#website\",\"url\":\"https:\\\/\\\/zstax.ch\\\/de\\\/\",\"name\":\"Zanetti &amp; Schmidhauser Rechtsanw\u00e4lte\",\"description\":\"\",\"publisher\":{\"@id\":\"https:\\\/\\\/zstax.ch\\\/de\\\/#organization\"},\"potentialAction\":[{\"@type\":\"SearchAction\",\"target\":{\"@type\":\"EntryPoint\",\"urlTemplate\":\"https:\\\/\\\/zstax.ch\\\/de\\\/?s={search_term_string}\"},\"query-input\":{\"@type\":\"PropertyValueSpecification\",\"valueRequired\":true,\"valueName\":\"search_term_string\"}}],\"inLanguage\":\"en-GB\"},{\"@type\":\"Organization\",\"@id\":\"https:\\\/\\\/zstax.ch\\\/de\\\/#organization\",\"name\":\"Zanetti &amp; Schmidhauser Rechtsanw\u00e4lte\",\"url\":\"https:\\\/\\\/zstax.ch\\\/de\\\/\",\"logo\":{\"@type\":\"ImageObject\",\"inLanguage\":\"en-GB\",\"@id\":\"https:\\\/\\\/zstax.ch\\\/de\\\/#\\\/schema\\\/logo\\\/image\\\/\",\"url\":\"https:\\\/\\\/zstax.ch\\\/wp-content\\\/uploads\\\/2023\\\/08\\\/ZanettiSchmidhauser-Logo-1.svg\",\"contentUrl\":\"https:\\\/\\\/zstax.ch\\\/wp-content\\\/uploads\\\/2023\\\/08\\\/ZanettiSchmidhauser-Logo-1.svg\",\"width\":373,\"height\":241,\"caption\":\"Zanetti &amp; Schmidhauser Rechtsanw\u00e4lte\"},\"image\":{\"@id\":\"https:\\\/\\\/zstax.ch\\\/de\\\/#\\\/schema\\\/logo\\\/image\\\/\"}}]}<\/script>\n<!-- \/ Yoast SEO plugin. -->","yoast_head_json":{"title":"Kanzlei - Zanetti &amp; Schmidhauser Rechtsanw\u00e4lte","robots":{"index":"index","follow":"follow","max-snippet":"max-snippet:-1","max-image-preview":"max-image-preview:large","max-video-preview":"max-video-preview:-1"},"canonical":"https:\/\/zstax.ch\/en\/","og_locale":"en_GB","og_type":"article","og_title":"Kanzlei - Zanetti &amp; Schmidhauser Rechtsanw\u00e4lte","og_description":"Zanetti &amp; Schmidhauser Rechtsanw\u00e4lte ist eine auf Steuerrecht spezialisierte Anwaltskanzlei. Die Anwaltskanzlei Zanetti &amp; Schmidhauser Rechtsanw\u00e4lte ist spezialisiert auf die Beratung von Privatpersonen und Unternehmen in allen Bereichen des Steuerrechts. Unsere Praxiserfahrung bei Steuerbeh\u00f6rden, Gerichten und Strafverfolgungsbeh\u00f6rden sowie unsere vertieften Kenntnisse im Vertrags-, Gesellschafts- und Erbrecht, die eng mit dem Steuerrecht verbunden sind, erm\u00f6glichen es [&hellip;]","og_url":"https:\/\/zstax.ch\/en\/","og_site_name":"Zanetti &amp; Schmidhauser Rechtsanw\u00e4lte","article_modified_time":"2023-10-23T08:28:19+00:00","twitter_card":"summary_large_image","twitter_misc":{"Estimated reading time":"4 minutes"},"schema":{"@context":"https:\/\/schema.org","@graph":[{"@type":"WebPage","@id":"https:\/\/zstax.ch\/de\/","url":"https:\/\/zstax.ch\/de\/","name":"Kanzlei - Zanetti &amp; Schmidhauser Rechtsanw\u00e4lte","isPartOf":{"@id":"https:\/\/zstax.ch\/de\/#website"},"datePublished":"2018-05-25T09:13:52+00:00","dateModified":"2023-10-23T08:28:19+00:00","breadcrumb":{"@id":"https:\/\/zstax.ch\/de\/#breadcrumb"},"inLanguage":"en-GB","potentialAction":[{"@type":"ReadAction","target":["https:\/\/zstax.ch\/de\/"]}]},{"@type":"BreadcrumbList","@id":"https:\/\/zstax.ch\/de\/#breadcrumb","itemListElement":[{"@type":"ListItem","position":1,"name":"Startseite","item":"https:\/\/zstax.ch\/de\/"},{"@type":"ListItem","position":2,"name":"Kanzlei"}]},{"@type":"WebSite","@id":"https:\/\/zstax.ch\/de\/#website","url":"https:\/\/zstax.ch\/de\/","name":"Zanetti &amp; Schmidhauser Rechtsanw\u00e4lte","description":"","publisher":{"@id":"https:\/\/zstax.ch\/de\/#organization"},"potentialAction":[{"@type":"SearchAction","target":{"@type":"EntryPoint","urlTemplate":"https:\/\/zstax.ch\/de\/?s={search_term_string}"},"query-input":{"@type":"PropertyValueSpecification","valueRequired":true,"valueName":"search_term_string"}}],"inLanguage":"en-GB"},{"@type":"Organization","@id":"https:\/\/zstax.ch\/de\/#organization","name":"Zanetti &amp; Schmidhauser Rechtsanw\u00e4lte","url":"https:\/\/zstax.ch\/de\/","logo":{"@type":"ImageObject","inLanguage":"en-GB","@id":"https:\/\/zstax.ch\/de\/#\/schema\/logo\/image\/","url":"https:\/\/zstax.ch\/wp-content\/uploads\/2023\/08\/ZanettiSchmidhauser-Logo-1.svg","contentUrl":"https:\/\/zstax.ch\/wp-content\/uploads\/2023\/08\/ZanettiSchmidhauser-Logo-1.svg","width":373,"height":241,"caption":"Zanetti &amp; Schmidhauser Rechtsanw\u00e4lte"},"image":{"@id":"https:\/\/zstax.ch\/de\/#\/schema\/logo\/image\/"}}]}},"_links":{"self":[{"href":"https:\/\/zstax.ch\/en\/wp-json\/wp\/v2\/pages\/860","targetHints":{"allow":["GET"]}}],"collection":[{"href":"https:\/\/zstax.ch\/en\/wp-json\/wp\/v2\/pages"}],"about":[{"href":"https:\/\/zstax.ch\/en\/wp-json\/wp\/v2\/types\/page"}],"author":[{"embeddable":true,"href":"https:\/\/zstax.ch\/en\/wp-json\/wp\/v2\/users\/2"}],"replies":[{"embeddable":true,"href":"https:\/\/zstax.ch\/en\/wp-json\/wp\/v2\/comments?post=860"}],"version-history":[{"count":0,"href":"https:\/\/zstax.ch\/en\/wp-json\/wp\/v2\/pages\/860\/revisions"}],"wp:attachment":[{"href":"https:\/\/zstax.ch\/en\/wp-json\/wp\/v2\/media?parent=860"}],"curies":[{"name":"wp","href":"https:\/\/api.w.org\/{rel}","templated":true}]}}